{"id":1004,"date":"2021-06-12T15:05:22","date_gmt":"2021-06-12T13:05:22","guid":{"rendered":"http:\/\/indomerch.fr\/?post_type=product&#038;p=1004"},"modified":"2021-11-21T17:34:47","modified_gmt":"2021-11-21T16:34:47","slug":"t-shirt-suffragettes-bb-fondation-des-femmes","status":"publish","type":"product","link":"https:\/\/indomerch.fr\/index.php\/produit\/t-shirt-suffragettes-bb-fondation-des-femmes\/","title":{"rendered":"T-shirt \u00ab\u00a0Suffragettes BB\u00a0\u00bb (Fondation des Femmes)"},"content":{"rendered":"","protected":false},"excerpt":{"rendered":"<p>Vendu durant la deuxi\u00e8me vague du \u00ab 13 Tour \u00bb et mis en ligne sur l\u2019Indoshop le 15 d\u00e9cembre 2018 au prix de 25 \u20ac. Disponible en deux coupes : femme et homme.<\/p>\n<p>Un ruban blanc \u00e9tait \u00e9galement vendu au prix de 2 \u20ac sur les stands du merchandising de la deuxi\u00e8me vague uniquement.<\/p>\n<p>Ce t-shirt a \u00e9t\u00e9 vendu pour soutenir \u00ab\u00a0Fondation des Femmes\u00a0\u00bb, dont les b\u00e9n\u00e9fices de la vente ont \u00e9t\u00e9 revers\u00e9s \u00e0 l\u2019association.<\/p>\n","protected":false},"featured_media":1221,"template":"","meta":[],"product_cat":[124],"product_tag":[49,173,45],"_links":{"self":[{"href":"https:\/\/indomerch.fr\/index.php\/wp-json\/wp\/v2\/product\/1004"}],"collection":[{"href":"https:\/\/indomerch.fr\/index.php\/wp-json\/wp\/v2\/product"}],"about":[{"href":"https:\/\/indomerch.fr\/index.php\/wp-json\/wp\/v2\/types\/product"}],"version-history":[{"count":2,"href":"https:\/\/indomerch.fr\/index.php\/wp-json\/wp\/v2\/product\/1004\/revisions"}],"predecessor-version":[{"id":1020,"href":"https:\/\/indomerch.fr\/index.php\/wp-json\/wp\/v2\/product\/1004\/revisions\/1020"}],"wp:featuredmedia":[{"embeddable":true,"href":"https:\/\/indomerch.fr\/index.php\/wp-json\/wp\/v2\/media\/1221"}],"wp:attachment":[{"href":"https:\/\/indomerch.fr\/index.php\/wp-json\/wp\/v2\/media?parent=1004"}],"wp:term":[{"taxonomy":"product_cat","embeddable":true,"href":"https:\/\/indomerch.fr\/index.php\/wp-json\/wp\/v2\/product_cat?post=1004"},{"taxonomy":"product_tag","embeddable":true,"href":"https:\/\/indomerch.fr\/index.php\/wp-json\/wp\/v2\/product_tag?post=1004"}],"curies":[{"name":"wp","href":"https:\/\/api.w.org\/{rel}","templated":true}]}}