{"id":1006,"date":"2021-06-12T15:15:41","date_gmt":"2021-06-12T13:15:41","guid":{"rendered":"http:\/\/indomerch.fr\/?post_type=product&#038;p=1006"},"modified":"2021-06-12T16:08:40","modified_gmt":"2021-06-12T14:08:40","slug":"ruban-suffragettes-bb-fondation-des-femmes","status":"publish","type":"product","link":"https:\/\/indomerch.fr\/index.php\/produit\/ruban-suffragettes-bb-fondation-des-femmes\/","title":{"rendered":"Ruban \u00ab Suffragettes BB \u00bb (Fondation des Femmes)"},"content":{"rendered":"","protected":false},"excerpt":{"rendered":"<div class=\"woocommerce-product-details__short-description\">\n<p>Vendu durant la deuxi\u00e8me vague du \u00ab 13 Tour \u00bb uniquement au prix de 2 \u20ac.<\/p>\n<p>Un t-shirt blanc \u00e9tait \u00e9galement vendu au prix de 25 \u20ac sur les stands du merchandising de la deuxi\u00e8me vague et mis en ligne sur l\u2019Indoshop le 15 d\u00e9cembre 2018 au prix de 25 \u20ac.<\/p>\n<p>Ce ruban blanc a \u00e9t\u00e9 vendu pour soutenir \u00ab Fondation des Femmes \u00bb, dont les b\u00e9n\u00e9fices de la vente ont \u00e9t\u00e9 revers\u00e9s \u00e0 l\u2019association.<\/p>\n<\/div>\n","protected":false},"featured_media":969,"template":"","meta":[],"product_cat":[124],"product_tag":[49,174,173],"_links":{"self":[{"href":"https:\/\/indomerch.fr\/index.php\/wp-json\/wp\/v2\/product\/1006"}],"collection":[{"href":"https:\/\/indomerch.fr\/index.php\/wp-json\/wp\/v2\/product"}],"about":[{"href":"https:\/\/indomerch.fr\/index.php\/wp-json\/wp\/v2\/types\/product"}],"version-history":[{"count":1,"href":"https:\/\/indomerch.fr\/index.php\/wp-json\/wp\/v2\/product\/1006\/revisions"}],"predecessor-version":[{"id":1007,"href":"https:\/\/indomerch.fr\/index.php\/wp-json\/wp\/v2\/product\/1006\/revisions\/1007"}],"wp:featuredmedia":[{"embeddable":true,"href":"https:\/\/indomerch.fr\/index.php\/wp-json\/wp\/v2\/media\/969"}],"wp:attachment":[{"href":"https:\/\/indomerch.fr\/index.php\/wp-json\/wp\/v2\/media?parent=1006"}],"wp:term":[{"taxonomy":"product_cat","embeddable":true,"href":"https:\/\/indomerch.fr\/index.php\/wp-json\/wp\/v2\/product_cat?post=1006"},{"taxonomy":"product_tag","embeddable":true,"href":"https:\/\/indomerch.fr\/index.php\/wp-json\/wp\/v2\/product_tag?post=1006"}],"curies":[{"name":"wp","href":"https:\/\/api.w.org\/{rel}","templated":true}]}}