{"id":1008,"date":"2021-06-12T15:18:56","date_gmt":"2021-06-12T13:18:56","guid":{"rendered":"http:\/\/indomerch.fr\/?post_type=product&#038;p=1008"},"modified":"2021-06-12T15:18:57","modified_gmt":"2021-06-12T13:18:57","slug":"t-shirt-croix-paradize-beige-avec-epaules-bordeaux","status":"publish","type":"product","link":"https:\/\/indomerch.fr\/index.php\/produit\/t-shirt-croix-paradize-beige-avec-epaules-bordeaux\/","title":{"rendered":"T-shirt \u00ab Croix Paradize \u00bb (beige avec \u00e9paules bordeaux)"},"content":{"rendered":"","protected":false},"excerpt":{"rendered":"<p>Vendu pendant la tourn\u00e9e \u00ab Paradize Tour \u00bb entre 2003 et 2004 au prix de 25 \u20ac.<\/p>\n<p>Il s\u2019agit du mod\u00e8le beige comportant les \u00e9paules color\u00e9es en bordeaux, accompagn\u00e9 d\u2019une croix paillet\u00e9e en gris fonc\u00e9.<\/p>\n","protected":false},"featured_media":971,"template":"","meta":[],"product_cat":[31],"product_tag":[128,43,45],"_links":{"self":[{"href":"https:\/\/indomerch.fr\/index.php\/wp-json\/wp\/v2\/product\/1008"}],"collection":[{"href":"https:\/\/indomerch.fr\/index.php\/wp-json\/wp\/v2\/product"}],"about":[{"href":"https:\/\/indomerch.fr\/index.php\/wp-json\/wp\/v2\/types\/product"}],"version-history":[{"count":1,"href":"https:\/\/indomerch.fr\/index.php\/wp-json\/wp\/v2\/product\/1008\/revisions"}],"predecessor-version":[{"id":1009,"href":"https:\/\/indomerch.fr\/index.php\/wp-json\/wp\/v2\/product\/1008\/revisions\/1009"}],"wp:featuredmedia":[{"embeddable":true,"href":"https:\/\/indomerch.fr\/index.php\/wp-json\/wp\/v2\/media\/971"}],"wp:attachment":[{"href":"https:\/\/indomerch.fr\/index.php\/wp-json\/wp\/v2\/media?parent=1008"}],"wp:term":[{"taxonomy":"product_cat","embeddable":true,"href":"https:\/\/indomerch.fr\/index.php\/wp-json\/wp\/v2\/product_cat?post=1008"},{"taxonomy":"product_tag","embeddable":true,"href":"https:\/\/indomerch.fr\/index.php\/wp-json\/wp\/v2\/product_tag?post=1008"}],"curies":[{"name":"wp","href":"https:\/\/api.w.org\/{rel}","templated":true}]}}