{"id":1018,"date":"2021-06-12T16:55:29","date_gmt":"2021-06-12T14:55:29","guid":{"rendered":"http:\/\/indomerch.fr\/?post_type=product&#038;p=1018"},"modified":"2021-06-12T16:55:29","modified_gmt":"2021-06-12T14:55:29","slug":"lithographie-nicola-harcourt-2","status":"publish","type":"product","link":"https:\/\/indomerch.fr\/index.php\/produit\/lithographie-nicola-harcourt-2\/","title":{"rendered":"Lithographie \u00ab\u00a0Nicola\u00a0\u00bb (Harcourt)"},"content":{"rendered":"","protected":false},"excerpt":{"rendered":"<p>Edition limit\u00e9e \u00e0 1 000 exemplaires. Chaque exemplaire est num\u00e9rot\u00e9 \u00e0 la main. Format : 24 cm x 30 cm.<\/p>\n<p>Vendue uniquement en ligne sur l&rsquo;Indoshop \u00e0 partir du mois de mai 2019 au prix de 30 \u20ac.<\/p>\n","protected":false},"featured_media":593,"template":"","meta":[],"product_cat":[124],"product_tag":[123,93],"_links":{"self":[{"href":"https:\/\/indomerch.fr\/index.php\/wp-json\/wp\/v2\/product\/1018"}],"collection":[{"href":"https:\/\/indomerch.fr\/index.php\/wp-json\/wp\/v2\/product"}],"about":[{"href":"https:\/\/indomerch.fr\/index.php\/wp-json\/wp\/v2\/types\/product"}],"version-history":[{"count":1,"href":"https:\/\/indomerch.fr\/index.php\/wp-json\/wp\/v2\/product\/1018\/revisions"}],"predecessor-version":[{"id":1019,"href":"https:\/\/indomerch.fr\/index.php\/wp-json\/wp\/v2\/product\/1018\/revisions\/1019"}],"wp:featuredmedia":[{"embeddable":true,"href":"https:\/\/indomerch.fr\/index.php\/wp-json\/wp\/v2\/media\/593"}],"wp:attachment":[{"href":"https:\/\/indomerch.fr\/index.php\/wp-json\/wp\/v2\/media?parent=1018"}],"wp:term":[{"taxonomy":"product_cat","embeddable":true,"href":"https:\/\/indomerch.fr\/index.php\/wp-json\/wp\/v2\/product_cat?post=1018"},{"taxonomy":"product_tag","embeddable":true,"href":"https:\/\/indomerch.fr\/index.php\/wp-json\/wp\/v2\/product_tag?post=1018"}],"curies":[{"name":"wp","href":"https:\/\/api.w.org\/{rel}","templated":true}]}}