{"id":1130,"date":"2021-10-17T00:49:01","date_gmt":"2021-10-16T22:49:01","guid":{"rendered":"http:\/\/indomerch.fr\/?post_type=product&#038;p=1130"},"modified":"2021-10-17T00:49:01","modified_gmt":"2021-10-16T22:49:01","slug":"debardeur-kill-nico","status":"publish","type":"product","link":"https:\/\/indomerch.fr\/index.php\/produit\/debardeur-kill-nico\/","title":{"rendered":"D\u00e9bardeur \u00ab\u00a0Kill Nico\u00a0\u00bb"},"content":{"rendered":"","protected":false},"excerpt":{"rendered":"<p>Vendu \u00e0 Colmar durant le concert du 9 ao\u00fbt 2014 puis mis en ligne sur l&rsquo;Indoshop \u00e0 compter du 8 septembre 2014 au prix de 25 \u20ac. Mod\u00e8le pour femme uniquement.<\/p>\n","protected":false},"featured_media":1094,"template":"","meta":[],"product_cat":[34],"product_tag":[78,65,185],"_links":{"self":[{"href":"https:\/\/indomerch.fr\/index.php\/wp-json\/wp\/v2\/product\/1130"}],"collection":[{"href":"https:\/\/indomerch.fr\/index.php\/wp-json\/wp\/v2\/product"}],"about":[{"href":"https:\/\/indomerch.fr\/index.php\/wp-json\/wp\/v2\/types\/product"}],"version-history":[{"count":1,"href":"https:\/\/indomerch.fr\/index.php\/wp-json\/wp\/v2\/product\/1130\/revisions"}],"predecessor-version":[{"id":1131,"href":"https:\/\/indomerch.fr\/index.php\/wp-json\/wp\/v2\/product\/1130\/revisions\/1131"}],"wp:featuredmedia":[{"embeddable":true,"href":"https:\/\/indomerch.fr\/index.php\/wp-json\/wp\/v2\/media\/1094"}],"wp:attachment":[{"href":"https:\/\/indomerch.fr\/index.php\/wp-json\/wp\/v2\/media?parent=1130"}],"wp:term":[{"taxonomy":"product_cat","embeddable":true,"href":"https:\/\/indomerch.fr\/index.php\/wp-json\/wp\/v2\/product_cat?post=1130"},{"taxonomy":"product_tag","embeddable":true,"href":"https:\/\/indomerch.fr\/index.php\/wp-json\/wp\/v2\/product_tag?post=1130"}],"curies":[{"name":"wp","href":"https:\/\/api.w.org\/{rel}","templated":true}]}}