{"id":1184,"date":"2021-11-11T11:41:36","date_gmt":"2021-11-11T10:41:36","guid":{"rendered":"http:\/\/indomerch.fr\/?post_type=product&#038;p=1184"},"modified":"2021-11-11T11:41:37","modified_gmt":"2021-11-11T10:41:37","slug":"pass-concerts-secrets-2005-2","status":"publish","type":"product","link":"https:\/\/indomerch.fr\/index.php\/produit\/pass-concerts-secrets-2005-2\/","title":{"rendered":"Pass \u00ab\u00a0Concerts secrets\u00a0\u00bb (2005)"},"content":{"rendered":"","protected":false},"excerpt":{"rendered":"<p>Pass de concert \u00ab All Access \u00bb utilis\u00e9 par les \u00e9quipes du staff pour les trois concerts secrets des 17, 19 et 20 d\u00e9cembre 2005.<\/p>\n","protected":false},"featured_media":1167,"template":"","meta":[],"product_cat":[141],"product_tag":[108,193],"_links":{"self":[{"href":"https:\/\/indomerch.fr\/index.php\/wp-json\/wp\/v2\/product\/1184"}],"collection":[{"href":"https:\/\/indomerch.fr\/index.php\/wp-json\/wp\/v2\/product"}],"about":[{"href":"https:\/\/indomerch.fr\/index.php\/wp-json\/wp\/v2\/types\/product"}],"version-history":[{"count":1,"href":"https:\/\/indomerch.fr\/index.php\/wp-json\/wp\/v2\/product\/1184\/revisions"}],"predecessor-version":[{"id":1185,"href":"https:\/\/indomerch.fr\/index.php\/wp-json\/wp\/v2\/product\/1184\/revisions\/1185"}],"wp:featuredmedia":[{"embeddable":true,"href":"https:\/\/indomerch.fr\/index.php\/wp-json\/wp\/v2\/media\/1167"}],"wp:attachment":[{"href":"https:\/\/indomerch.fr\/index.php\/wp-json\/wp\/v2\/media?parent=1184"}],"wp:term":[{"taxonomy":"product_cat","embeddable":true,"href":"https:\/\/indomerch.fr\/index.php\/wp-json\/wp\/v2\/product_cat?post=1184"},{"taxonomy":"product_tag","embeddable":true,"href":"https:\/\/indomerch.fr\/index.php\/wp-json\/wp\/v2\/product_tag?post=1184"}],"curies":[{"name":"wp","href":"https:\/\/api.w.org\/{rel}","templated":true}]}}