{"id":1195,"date":"2021-11-11T17:13:14","date_gmt":"2021-11-11T16:13:14","guid":{"rendered":"http:\/\/indomerch.fr\/?post_type=product&#038;p=1195"},"modified":"2021-11-11T17:13:15","modified_gmt":"2021-11-11T16:13:15","slug":"t-shirt-black-city-tour-1-montreal","status":"publish","type":"product","link":"https:\/\/indomerch.fr\/index.php\/produit\/t-shirt-black-city-tour-1-montreal\/","title":{"rendered":"T-shirt \u00ab Black City Tour 1 &#8211; Montr\u00e9al \u00bb"},"content":{"rendered":"","protected":false},"excerpt":{"rendered":"<p>Vendu uniquement \u00e0 l&rsquo;occasion du concert du 24 mai 2013 \u00e0 Montr\u00e9al (Canada) durant le \u00ab Black City Tour 1 \u00bb, au prix de 25 \u20ac. Disponible en deux coupes : Femme et homme.<\/p>\n","protected":false},"featured_media":1192,"template":"","meta":[],"product_cat":[34],"product_tag":[78,45],"_links":{"self":[{"href":"https:\/\/indomerch.fr\/index.php\/wp-json\/wp\/v2\/product\/1195"}],"collection":[{"href":"https:\/\/indomerch.fr\/index.php\/wp-json\/wp\/v2\/product"}],"about":[{"href":"https:\/\/indomerch.fr\/index.php\/wp-json\/wp\/v2\/types\/product"}],"version-history":[{"count":1,"href":"https:\/\/indomerch.fr\/index.php\/wp-json\/wp\/v2\/product\/1195\/revisions"}],"predecessor-version":[{"id":1196,"href":"https:\/\/indomerch.fr\/index.php\/wp-json\/wp\/v2\/product\/1195\/revisions\/1196"}],"wp:featuredmedia":[{"embeddable":true,"href":"https:\/\/indomerch.fr\/index.php\/wp-json\/wp\/v2\/media\/1192"}],"wp:attachment":[{"href":"https:\/\/indomerch.fr\/index.php\/wp-json\/wp\/v2\/media?parent=1195"}],"wp:term":[{"taxonomy":"product_cat","embeddable":true,"href":"https:\/\/indomerch.fr\/index.php\/wp-json\/wp\/v2\/product_cat?post=1195"},{"taxonomy":"product_tag","embeddable":true,"href":"https:\/\/indomerch.fr\/index.php\/wp-json\/wp\/v2\/product_tag?post=1195"}],"curies":[{"name":"wp","href":"https:\/\/api.w.org\/{rel}","templated":true}]}}