{"id":1280,"date":"2021-11-21T23:21:49","date_gmt":"2021-11-21T22:21:49","guid":{"rendered":"http:\/\/indomerch.fr\/?post_type=product&#038;p=1280"},"modified":"2021-11-21T23:22:39","modified_gmt":"2021-11-21T22:22:39","slug":"t-shirt-black-concert-army-2","status":"publish","type":"product","link":"https:\/\/indomerch.fr\/index.php\/produit\/t-shirt-black-concert-army-2\/","title":{"rendered":"T-shirt \u00ab Black Concert Army \u00bb (Staff)"},"content":{"rendered":"","protected":false},"excerpt":{"rendered":"<p>T-shirt non commercialis\u00e9, utilis\u00e9 par les \u00e9quipes des \u00ab Black City Concerts \u00bb au Stade de France les 27 et 28 juin 2014.<\/p>\n","protected":false},"featured_media":1248,"template":"","meta":[],"product_cat":[141],"product_tag":[199,45],"_links":{"self":[{"href":"https:\/\/indomerch.fr\/index.php\/wp-json\/wp\/v2\/product\/1280"}],"collection":[{"href":"https:\/\/indomerch.fr\/index.php\/wp-json\/wp\/v2\/product"}],"about":[{"href":"https:\/\/indomerch.fr\/index.php\/wp-json\/wp\/v2\/types\/product"}],"version-history":[{"count":2,"href":"https:\/\/indomerch.fr\/index.php\/wp-json\/wp\/v2\/product\/1280\/revisions"}],"predecessor-version":[{"id":1282,"href":"https:\/\/indomerch.fr\/index.php\/wp-json\/wp\/v2\/product\/1280\/revisions\/1282"}],"wp:featuredmedia":[{"embeddable":true,"href":"https:\/\/indomerch.fr\/index.php\/wp-json\/wp\/v2\/media\/1248"}],"wp:attachment":[{"href":"https:\/\/indomerch.fr\/index.php\/wp-json\/wp\/v2\/media?parent=1280"}],"wp:term":[{"taxonomy":"product_cat","embeddable":true,"href":"https:\/\/indomerch.fr\/index.php\/wp-json\/wp\/v2\/product_cat?post=1280"},{"taxonomy":"product_tag","embeddable":true,"href":"https:\/\/indomerch.fr\/index.php\/wp-json\/wp\/v2\/product_tag?post=1280"}],"curies":[{"name":"wp","href":"https:\/\/api.w.org\/{rel}","templated":true}]}}