{"id":1310,"date":"2021-11-27T18:15:35","date_gmt":"2021-11-27T17:15:35","guid":{"rendered":"http:\/\/indomerch.fr\/?post_type=product&#038;p=1310"},"modified":"2021-11-27T18:15:36","modified_gmt":"2021-11-27T17:15:36","slug":"t-shirt-local-crew-jaune","status":"publish","type":"product","link":"https:\/\/indomerch.fr\/index.php\/produit\/t-shirt-local-crew-jaune\/","title":{"rendered":"T-shirt \u00ab Local Crew \u00bb (jaune)"},"content":{"rendered":"","protected":false},"excerpt":{"rendered":"<p>T-shirt non commercialis\u00e9, utilis\u00e9 par les \u00e9quipes de la tourn\u00e9e du \u00ab Black City Tour \u00bb en 2013.<\/p>\n","protected":false},"featured_media":1242,"template":"","meta":[],"product_cat":[34],"product_tag":[78,145,45],"_links":{"self":[{"href":"https:\/\/indomerch.fr\/index.php\/wp-json\/wp\/v2\/product\/1310"}],"collection":[{"href":"https:\/\/indomerch.fr\/index.php\/wp-json\/wp\/v2\/product"}],"about":[{"href":"https:\/\/indomerch.fr\/index.php\/wp-json\/wp\/v2\/types\/product"}],"version-history":[{"count":1,"href":"https:\/\/indomerch.fr\/index.php\/wp-json\/wp\/v2\/product\/1310\/revisions"}],"predecessor-version":[{"id":1311,"href":"https:\/\/indomerch.fr\/index.php\/wp-json\/wp\/v2\/product\/1310\/revisions\/1311"}],"wp:featuredmedia":[{"embeddable":true,"href":"https:\/\/indomerch.fr\/index.php\/wp-json\/wp\/v2\/media\/1242"}],"wp:attachment":[{"href":"https:\/\/indomerch.fr\/index.php\/wp-json\/wp\/v2\/media?parent=1310"}],"wp:term":[{"taxonomy":"product_cat","embeddable":true,"href":"https:\/\/indomerch.fr\/index.php\/wp-json\/wp\/v2\/product_cat?post=1310"},{"taxonomy":"product_tag","embeddable":true,"href":"https:\/\/indomerch.fr\/index.php\/wp-json\/wp\/v2\/product_tag?post=1310"}],"curies":[{"name":"wp","href":"https:\/\/api.w.org\/{rel}","templated":true}]}}