{"id":1312,"date":"2021-11-27T18:18:04","date_gmt":"2021-11-27T17:18:04","guid":{"rendered":"http:\/\/indomerch.fr\/?post_type=product&#038;p=1312"},"modified":"2021-11-27T18:18:04","modified_gmt":"2021-11-27T17:18:04","slug":"t-shirt-local-crew-noir-2","status":"publish","type":"product","link":"https:\/\/indomerch.fr\/index.php\/produit\/t-shirt-local-crew-noir-2\/","title":{"rendered":"T-shirt \u00ab Local Crew \u00bb (noir)"},"content":{"rendered":"","protected":false},"excerpt":{"rendered":"<p>T-shirt non commercialis\u00e9, utilis\u00e9 par les \u00e9quipes de la tourn\u00e9e du \u00ab Black City Tour \u00bb en 2013.<\/p>\n","protected":false},"featured_media":1235,"template":"","meta":[],"product_cat":[141],"product_tag":[78,145,45],"_links":{"self":[{"href":"https:\/\/indomerch.fr\/index.php\/wp-json\/wp\/v2\/product\/1312"}],"collection":[{"href":"https:\/\/indomerch.fr\/index.php\/wp-json\/wp\/v2\/product"}],"about":[{"href":"https:\/\/indomerch.fr\/index.php\/wp-json\/wp\/v2\/types\/product"}],"version-history":[{"count":1,"href":"https:\/\/indomerch.fr\/index.php\/wp-json\/wp\/v2\/product\/1312\/revisions"}],"predecessor-version":[{"id":1313,"href":"https:\/\/indomerch.fr\/index.php\/wp-json\/wp\/v2\/product\/1312\/revisions\/1313"}],"wp:featuredmedia":[{"embeddable":true,"href":"https:\/\/indomerch.fr\/index.php\/wp-json\/wp\/v2\/media\/1235"}],"wp:attachment":[{"href":"https:\/\/indomerch.fr\/index.php\/wp-json\/wp\/v2\/media?parent=1312"}],"wp:term":[{"taxonomy":"product_cat","embeddable":true,"href":"https:\/\/indomerch.fr\/index.php\/wp-json\/wp\/v2\/product_cat?post=1312"},{"taxonomy":"product_tag","embeddable":true,"href":"https:\/\/indomerch.fr\/index.php\/wp-json\/wp\/v2\/product_tag?post=1312"}],"curies":[{"name":"wp","href":"https:\/\/api.w.org\/{rel}","templated":true}]}}