{"id":1361,"date":"2021-11-28T17:55:40","date_gmt":"2021-11-28T16:55:40","guid":{"rendered":"http:\/\/indomerch.fr\/?post_type=product&#038;p=1361"},"modified":"2021-11-28T17:55:41","modified_gmt":"2021-11-28T16:55:41","slug":"veste-black-city-boy-staff","status":"publish","type":"product","link":"https:\/\/indomerch.fr\/index.php\/produit\/veste-black-city-boy-staff\/","title":{"rendered":"Veste \u00ab\u00a0Black City Boy\u00a0\u00bb (Staff)"},"content":{"rendered":"","protected":false},"excerpt":{"rendered":"<p>Veste non commercialis\u00e9e, utilis\u00e9e par les \u00e9quipes de la tourn\u00e9e du \u00ab Black City Tour \u00bb en 2013 et 2014.<\/p>\n","protected":false},"featured_media":1358,"template":"","meta":[],"product_cat":[34],"product_tag":[78,145,139],"_links":{"self":[{"href":"https:\/\/indomerch.fr\/index.php\/wp-json\/wp\/v2\/product\/1361"}],"collection":[{"href":"https:\/\/indomerch.fr\/index.php\/wp-json\/wp\/v2\/product"}],"about":[{"href":"https:\/\/indomerch.fr\/index.php\/wp-json\/wp\/v2\/types\/product"}],"version-history":[{"count":1,"href":"https:\/\/indomerch.fr\/index.php\/wp-json\/wp\/v2\/product\/1361\/revisions"}],"predecessor-version":[{"id":1362,"href":"https:\/\/indomerch.fr\/index.php\/wp-json\/wp\/v2\/product\/1361\/revisions\/1362"}],"wp:featuredmedia":[{"embeddable":true,"href":"https:\/\/indomerch.fr\/index.php\/wp-json\/wp\/v2\/media\/1358"}],"wp:attachment":[{"href":"https:\/\/indomerch.fr\/index.php\/wp-json\/wp\/v2\/media?parent=1361"}],"wp:term":[{"taxonomy":"product_cat","embeddable":true,"href":"https:\/\/indomerch.fr\/index.php\/wp-json\/wp\/v2\/product_cat?post=1361"},{"taxonomy":"product_tag","embeddable":true,"href":"https:\/\/indomerch.fr\/index.php\/wp-json\/wp\/v2\/product_tag?post=1361"}],"curies":[{"name":"wp","href":"https:\/\/api.w.org\/{rel}","templated":true}]}}