{"id":1363,"date":"2021-11-28T17:57:49","date_gmt":"2021-11-28T16:57:49","guid":{"rendered":"http:\/\/indomerch.fr\/?post_type=product&#038;p=1363"},"modified":"2021-11-28T17:57:50","modified_gmt":"2021-11-28T16:57:50","slug":"veste-black-city-boy-staff-2","status":"publish","type":"product","link":"https:\/\/indomerch.fr\/index.php\/produit\/veste-black-city-boy-staff-2\/","title":{"rendered":"Veste \u00ab Black City Boy \u00bb (Staff)"},"content":{"rendered":"","protected":false},"excerpt":{"rendered":"<p>Veste non commercialis\u00e9e, utilis\u00e9e par les \u00e9quipes de la tourn\u00e9e du \u00ab Black City Tour \u00bb en 2013 et 2014.<\/p>\n","protected":false},"featured_media":1358,"template":"","meta":[],"product_cat":[141],"product_tag":[78,145,139],"_links":{"self":[{"href":"https:\/\/indomerch.fr\/index.php\/wp-json\/wp\/v2\/product\/1363"}],"collection":[{"href":"https:\/\/indomerch.fr\/index.php\/wp-json\/wp\/v2\/product"}],"about":[{"href":"https:\/\/indomerch.fr\/index.php\/wp-json\/wp\/v2\/types\/product"}],"version-history":[{"count":1,"href":"https:\/\/indomerch.fr\/index.php\/wp-json\/wp\/v2\/product\/1363\/revisions"}],"predecessor-version":[{"id":1364,"href":"https:\/\/indomerch.fr\/index.php\/wp-json\/wp\/v2\/product\/1363\/revisions\/1364"}],"wp:featuredmedia":[{"embeddable":true,"href":"https:\/\/indomerch.fr\/index.php\/wp-json\/wp\/v2\/media\/1358"}],"wp:attachment":[{"href":"https:\/\/indomerch.fr\/index.php\/wp-json\/wp\/v2\/media?parent=1363"}],"wp:term":[{"taxonomy":"product_cat","embeddable":true,"href":"https:\/\/indomerch.fr\/index.php\/wp-json\/wp\/v2\/product_cat?post=1363"},{"taxonomy":"product_tag","embeddable":true,"href":"https:\/\/indomerch.fr\/index.php\/wp-json\/wp\/v2\/product_tag?post=1363"}],"curies":[{"name":"wp","href":"https:\/\/api.w.org\/{rel}","templated":true}]}}