{"id":1404,"date":"2021-12-04T16:58:15","date_gmt":"2021-12-04T15:58:15","guid":{"rendered":"http:\/\/indomerch.fr\/?post_type=product&#038;p=1404"},"modified":"2021-12-04T16:58:16","modified_gmt":"2021-12-04T15:58:16","slug":"t-shirt-stade-de-france-2014-staff","status":"publish","type":"product","link":"https:\/\/indomerch.fr\/index.php\/produit\/t-shirt-stade-de-france-2014-staff\/","title":{"rendered":"T-shirt \u00ab\u00a0Stade de France 2014\u00a0\u00bb (Staff)"},"content":{"rendered":"","protected":false},"excerpt":{"rendered":"<p>T-shirt non commercialis\u00e9, utilis\u00e9 par les \u00e9quipes des \u00ab Black City Concerts \u00bb au Stade de France les 27 et 28 juin 2014.<\/p>\n","protected":false},"featured_media":1387,"template":"","meta":[],"product_cat":[34],"product_tag":[179,52,45],"_links":{"self":[{"href":"https:\/\/indomerch.fr\/index.php\/wp-json\/wp\/v2\/product\/1404"}],"collection":[{"href":"https:\/\/indomerch.fr\/index.php\/wp-json\/wp\/v2\/product"}],"about":[{"href":"https:\/\/indomerch.fr\/index.php\/wp-json\/wp\/v2\/types\/product"}],"version-history":[{"count":1,"href":"https:\/\/indomerch.fr\/index.php\/wp-json\/wp\/v2\/product\/1404\/revisions"}],"predecessor-version":[{"id":1405,"href":"https:\/\/indomerch.fr\/index.php\/wp-json\/wp\/v2\/product\/1404\/revisions\/1405"}],"wp:featuredmedia":[{"embeddable":true,"href":"https:\/\/indomerch.fr\/index.php\/wp-json\/wp\/v2\/media\/1387"}],"wp:attachment":[{"href":"https:\/\/indomerch.fr\/index.php\/wp-json\/wp\/v2\/media?parent=1404"}],"wp:term":[{"taxonomy":"product_cat","embeddable":true,"href":"https:\/\/indomerch.fr\/index.php\/wp-json\/wp\/v2\/product_cat?post=1404"},{"taxonomy":"product_tag","embeddable":true,"href":"https:\/\/indomerch.fr\/index.php\/wp-json\/wp\/v2\/product_tag?post=1404"}],"curies":[{"name":"wp","href":"https:\/\/api.w.org\/{rel}","templated":true}]}}