{"id":1406,"date":"2021-12-04T16:59:47","date_gmt":"2021-12-04T15:59:47","guid":{"rendered":"http:\/\/indomerch.fr\/?post_type=product&#038;p=1406"},"modified":"2021-12-04T16:59:48","modified_gmt":"2021-12-04T15:59:48","slug":"t-shirt-stade-de-france-2014-staff-2","status":"publish","type":"product","link":"https:\/\/indomerch.fr\/index.php\/produit\/t-shirt-stade-de-france-2014-staff-2\/","title":{"rendered":"T-shirt \u00ab Stade de France 2014 \u00bb (Staff)"},"content":{"rendered":"","protected":false},"excerpt":{"rendered":"<p>T-shirt non commercialis\u00e9, utilis\u00e9 par les \u00e9quipes des \u00ab Black City Concerts \u00bb au Stade de France les 27 et 28 juin 2014.<\/p>\n","protected":false},"featured_media":1387,"template":"","meta":[],"product_cat":[141],"product_tag":[179,52,45],"_links":{"self":[{"href":"https:\/\/indomerch.fr\/index.php\/wp-json\/wp\/v2\/product\/1406"}],"collection":[{"href":"https:\/\/indomerch.fr\/index.php\/wp-json\/wp\/v2\/product"}],"about":[{"href":"https:\/\/indomerch.fr\/index.php\/wp-json\/wp\/v2\/types\/product"}],"version-history":[{"count":1,"href":"https:\/\/indomerch.fr\/index.php\/wp-json\/wp\/v2\/product\/1406\/revisions"}],"predecessor-version":[{"id":1407,"href":"https:\/\/indomerch.fr\/index.php\/wp-json\/wp\/v2\/product\/1406\/revisions\/1407"}],"wp:featuredmedia":[{"embeddable":true,"href":"https:\/\/indomerch.fr\/index.php\/wp-json\/wp\/v2\/media\/1387"}],"wp:attachment":[{"href":"https:\/\/indomerch.fr\/index.php\/wp-json\/wp\/v2\/media?parent=1406"}],"wp:term":[{"taxonomy":"product_cat","embeddable":true,"href":"https:\/\/indomerch.fr\/index.php\/wp-json\/wp\/v2\/product_cat?post=1406"},{"taxonomy":"product_tag","embeddable":true,"href":"https:\/\/indomerch.fr\/index.php\/wp-json\/wp\/v2\/product_tag?post=1406"}],"curies":[{"name":"wp","href":"https:\/\/api.w.org\/{rel}","templated":true}]}}