{"id":1423,"date":"2021-12-05T16:05:10","date_gmt":"2021-12-05T15:05:10","guid":{"rendered":"http:\/\/indomerch.fr\/?post_type=product&#038;p=1423"},"modified":"2021-12-05T16:05:11","modified_gmt":"2021-12-05T15:05:11","slug":"bracelet-lalla-chiffon-vert-foret","status":"publish","type":"product","link":"https:\/\/indomerch.fr\/index.php\/produit\/bracelet-lalla-chiffon-vert-foret\/","title":{"rendered":"Bracelet \u00ab\u00a0Lalla Chiffon\u00a0\u00bb (vert for\u00eat)"},"content":{"rendered":"","protected":false},"excerpt":{"rendered":"<p>Vendu uniquement sur l\u2019Indoshop \u00e0 compter du 25 novembre 2011, puis remis en vente le 7 d\u00e9cembre 2011 au prix de 35 \u20ac.<\/p>\n<p>Le bracelet est accompagn\u00e9 d&rsquo;une carte num\u00e9rot\u00e9e ainsi qu&rsquo;une pochette en lin naturel.<\/p>\n","protected":false},"featured_media":1416,"template":"","meta":[],"product_cat":[33],"product_tag":[107,203],"_links":{"self":[{"href":"https:\/\/indomerch.fr\/index.php\/wp-json\/wp\/v2\/product\/1423"}],"collection":[{"href":"https:\/\/indomerch.fr\/index.php\/wp-json\/wp\/v2\/product"}],"about":[{"href":"https:\/\/indomerch.fr\/index.php\/wp-json\/wp\/v2\/types\/product"}],"version-history":[{"count":1,"href":"https:\/\/indomerch.fr\/index.php\/wp-json\/wp\/v2\/product\/1423\/revisions"}],"predecessor-version":[{"id":1427,"href":"https:\/\/indomerch.fr\/index.php\/wp-json\/wp\/v2\/product\/1423\/revisions\/1427"}],"wp:featuredmedia":[{"embeddable":true,"href":"https:\/\/indomerch.fr\/index.php\/wp-json\/wp\/v2\/media\/1416"}],"wp:attachment":[{"href":"https:\/\/indomerch.fr\/index.php\/wp-json\/wp\/v2\/media?parent=1423"}],"wp:term":[{"taxonomy":"product_cat","embeddable":true,"href":"https:\/\/indomerch.fr\/index.php\/wp-json\/wp\/v2\/product_cat?post=1423"},{"taxonomy":"product_tag","embeddable":true,"href":"https:\/\/indomerch.fr\/index.php\/wp-json\/wp\/v2\/product_tag?post=1423"}],"curies":[{"name":"wp","href":"https:\/\/api.w.org\/{rel}","templated":true}]}}