{"id":1504,"date":"2022-01-15T18:42:17","date_gmt":"2022-01-15T17:42:17","guid":{"rendered":"http:\/\/indomerch.fr\/?post_type=product&#038;p=1504"},"modified":"2022-01-15T18:42:18","modified_gmt":"2022-01-15T17:42:18","slug":"bracelet-le-trianon","status":"publish","type":"product","link":"https:\/\/indomerch.fr\/index.php\/produit\/bracelet-le-trianon\/","title":{"rendered":"Bracelet \u00ab\u00a0Le Trianon\u00a0\u00bb"},"content":{"rendered":"","protected":false},"excerpt":{"rendered":"<p>Bracelet remis \u00e0 l&rsquo;occasion du concert au Trianon \u00e0 Paris le 9 d\u00e9cembre 2015.<\/p>\n","protected":false},"featured_media":1483,"template":"","meta":[],"product_cat":[34],"product_tag":[107,208],"_links":{"self":[{"href":"https:\/\/indomerch.fr\/index.php\/wp-json\/wp\/v2\/product\/1504"}],"collection":[{"href":"https:\/\/indomerch.fr\/index.php\/wp-json\/wp\/v2\/product"}],"about":[{"href":"https:\/\/indomerch.fr\/index.php\/wp-json\/wp\/v2\/types\/product"}],"version-history":[{"count":1,"href":"https:\/\/indomerch.fr\/index.php\/wp-json\/wp\/v2\/product\/1504\/revisions"}],"predecessor-version":[{"id":1505,"href":"https:\/\/indomerch.fr\/index.php\/wp-json\/wp\/v2\/product\/1504\/revisions\/1505"}],"wp:featuredmedia":[{"embeddable":true,"href":"https:\/\/indomerch.fr\/index.php\/wp-json\/wp\/v2\/media\/1483"}],"wp:attachment":[{"href":"https:\/\/indomerch.fr\/index.php\/wp-json\/wp\/v2\/media?parent=1504"}],"wp:term":[{"taxonomy":"product_cat","embeddable":true,"href":"https:\/\/indomerch.fr\/index.php\/wp-json\/wp\/v2\/product_cat?post=1504"},{"taxonomy":"product_tag","embeddable":true,"href":"https:\/\/indomerch.fr\/index.php\/wp-json\/wp\/v2\/product_tag?post=1504"}],"curies":[{"name":"wp","href":"https:\/\/api.w.org\/{rel}","templated":true}]}}