{"id":1516,"date":"2022-01-15T19:24:00","date_gmt":"2022-01-15T18:24:00","guid":{"rendered":"http:\/\/indomerch.fr\/?post_type=product&#038;p=1516"},"modified":"2022-01-16T17:36:58","modified_gmt":"2022-01-16T16:36:58","slug":"verre-en-plastique-black-city-tour-2","status":"publish","type":"product","link":"https:\/\/indomerch.fr\/index.php\/produit\/verre-en-plastique-black-city-tour-2\/","title":{"rendered":"Verres en plastique \u00ab\u00a0Black City Tour 2\u00a0\u00bb"},"content":{"rendered":"","protected":false},"excerpt":{"rendered":"<p>Verres en plastique distribu\u00e9s \u00e0 l&rsquo;occasion de la tourn\u00e9e du \u00ab\u00a0Black City Tour 2\u00a0\u00bb entre octobre et d\u00e9cembre 2013. Disponibles en deux tailles.<\/p>\n","protected":false},"featured_media":1493,"template":"","meta":[],"product_cat":[34],"product_tag":[190,210],"_links":{"self":[{"href":"https:\/\/indomerch.fr\/index.php\/wp-json\/wp\/v2\/product\/1516"}],"collection":[{"href":"https:\/\/indomerch.fr\/index.php\/wp-json\/wp\/v2\/product"}],"about":[{"href":"https:\/\/indomerch.fr\/index.php\/wp-json\/wp\/v2\/types\/product"}],"version-history":[{"count":2,"href":"https:\/\/indomerch.fr\/index.php\/wp-json\/wp\/v2\/product\/1516\/revisions"}],"predecessor-version":[{"id":1529,"href":"https:\/\/indomerch.fr\/index.php\/wp-json\/wp\/v2\/product\/1516\/revisions\/1529"}],"wp:featuredmedia":[{"embeddable":true,"href":"https:\/\/indomerch.fr\/index.php\/wp-json\/wp\/v2\/media\/1493"}],"wp:attachment":[{"href":"https:\/\/indomerch.fr\/index.php\/wp-json\/wp\/v2\/media?parent=1516"}],"wp:term":[{"taxonomy":"product_cat","embeddable":true,"href":"https:\/\/indomerch.fr\/index.php\/wp-json\/wp\/v2\/product_cat?post=1516"},{"taxonomy":"product_tag","embeddable":true,"href":"https:\/\/indomerch.fr\/index.php\/wp-json\/wp\/v2\/product_tag?post=1516"}],"curies":[{"name":"wp","href":"https:\/\/api.w.org\/{rel}","templated":true}]}}