{"id":1571,"date":"2022-01-22T20:05:55","date_gmt":"2022-01-22T19:05:55","guid":{"rendered":"http:\/\/indomerch.fr\/?post_type=product&#038;p=1571"},"modified":"2022-01-22T20:05:55","modified_gmt":"2022-01-22T19:05:55","slug":"bracelet-lalla-chiffon-gris","status":"publish","type":"product","link":"https:\/\/indomerch.fr\/index.php\/produit\/bracelet-lalla-chiffon-gris\/","title":{"rendered":"Bracelet \u00ab Lalla Chiffon \u00bb (gris)"},"content":{"rendered":"","protected":false},"excerpt":{"rendered":"<div class=\"woocommerce-product-details__short-description\">\n<p>Vendu uniquement sur l\u2019Indoshop en 2011, au prix de 35 \u20ac.<\/p>\n<p>Le bracelet est accompagn\u00e9 d\u2019une carte num\u00e9rot\u00e9e ainsi qu\u2019une pochette en lin naturel.<\/p>\n<p>La premi\u00e8re mise en vente (100 exemplaires num\u00e9rot\u00e9s) contient une carte cartonn\u00e9e avec la \u00ab\u00a0Croix Paradize\u00a0\u00bb. La deuxi\u00e8me mise en vente contient des \u00e9tiquettes collantes avec \u00e9crit \u00ab\u00a0INDOCHINE\u00a0\u00bb sur l&rsquo;\u00e9tui transparent en plastique qui contient le bracelet ainsi qu&rsquo;une carte cartonn\u00e9e illustr\u00e9e par \u00ab\u00a0Lalla Chiffon\u00a0\u00bb.<\/p>\n<p>&nbsp;<\/p>\n<\/div>\n","protected":false},"featured_media":1541,"template":"","meta":[],"product_cat":[33],"product_tag":[107,203],"_links":{"self":[{"href":"https:\/\/indomerch.fr\/index.php\/wp-json\/wp\/v2\/product\/1571"}],"collection":[{"href":"https:\/\/indomerch.fr\/index.php\/wp-json\/wp\/v2\/product"}],"about":[{"href":"https:\/\/indomerch.fr\/index.php\/wp-json\/wp\/v2\/types\/product"}],"version-history":[{"count":1,"href":"https:\/\/indomerch.fr\/index.php\/wp-json\/wp\/v2\/product\/1571\/revisions"}],"predecessor-version":[{"id":1572,"href":"https:\/\/indomerch.fr\/index.php\/wp-json\/wp\/v2\/product\/1571\/revisions\/1572"}],"wp:featuredmedia":[{"embeddable":true,"href":"https:\/\/indomerch.fr\/index.php\/wp-json\/wp\/v2\/media\/1541"}],"wp:attachment":[{"href":"https:\/\/indomerch.fr\/index.php\/wp-json\/wp\/v2\/media?parent=1571"}],"wp:term":[{"taxonomy":"product_cat","embeddable":true,"href":"https:\/\/indomerch.fr\/index.php\/wp-json\/wp\/v2\/product_cat?post=1571"},{"taxonomy":"product_tag","embeddable":true,"href":"https:\/\/indomerch.fr\/index.php\/wp-json\/wp\/v2\/product_tag?post=1571"}],"curies":[{"name":"wp","href":"https:\/\/api.w.org\/{rel}","templated":true}]}}