{"id":1582,"date":"2022-01-22T22:54:51","date_gmt":"2022-01-22T21:54:51","guid":{"rendered":"http:\/\/indomerch.fr\/?post_type=product&#038;p=1582"},"modified":"2022-01-22T22:54:52","modified_gmt":"2022-01-22T21:54:52","slug":"t-shirt-dancetaria-tour-rouge","status":"publish","type":"product","link":"https:\/\/indomerch.fr\/index.php\/produit\/t-shirt-dancetaria-tour-rouge\/","title":{"rendered":"T-shirt \u00ab\u00a0Dancetaria Tour\u00a0\u00bb (rouge)"},"content":{"rendered":"","protected":false},"excerpt":{"rendered":"<p>Vendu \u00e0 l&rsquo;occasion du concert au Z\u00e9nith de Paris du 17 d\u00e9cembre 1999.<\/p>\n","protected":false},"featured_media":1560,"template":"","meta":[],"product_cat":[30],"product_tag":[213,45],"_links":{"self":[{"href":"https:\/\/indomerch.fr\/index.php\/wp-json\/wp\/v2\/product\/1582"}],"collection":[{"href":"https:\/\/indomerch.fr\/index.php\/wp-json\/wp\/v2\/product"}],"about":[{"href":"https:\/\/indomerch.fr\/index.php\/wp-json\/wp\/v2\/types\/product"}],"version-history":[{"count":1,"href":"https:\/\/indomerch.fr\/index.php\/wp-json\/wp\/v2\/product\/1582\/revisions"}],"predecessor-version":[{"id":1583,"href":"https:\/\/indomerch.fr\/index.php\/wp-json\/wp\/v2\/product\/1582\/revisions\/1583"}],"wp:featuredmedia":[{"embeddable":true,"href":"https:\/\/indomerch.fr\/index.php\/wp-json\/wp\/v2\/media\/1560"}],"wp:attachment":[{"href":"https:\/\/indomerch.fr\/index.php\/wp-json\/wp\/v2\/media?parent=1582"}],"wp:term":[{"taxonomy":"product_cat","embeddable":true,"href":"https:\/\/indomerch.fr\/index.php\/wp-json\/wp\/v2\/product_cat?post=1582"},{"taxonomy":"product_tag","embeddable":true,"href":"https:\/\/indomerch.fr\/index.php\/wp-json\/wp\/v2\/product_tag?post=1582"}],"curies":[{"name":"wp","href":"https:\/\/api.w.org\/{rel}","templated":true}]}}