{"id":1588,"date":"2022-01-22T23:19:45","date_gmt":"2022-01-22T22:19:45","guid":{"rendered":"http:\/\/indomerch.fr\/?post_type=product&#038;p=1588"},"modified":"2022-01-22T23:19:46","modified_gmt":"2022-01-22T22:19:46","slug":"sac-paradize-kaki","status":"publish","type":"product","link":"https:\/\/indomerch.fr\/index.php\/produit\/sac-paradize-kaki\/","title":{"rendered":"Sac \u00ab Paradize \u00bb (kaki)"},"content":{"rendered":"","protected":false},"excerpt":{"rendered":"<div class=\"woocommerce-product-details__short-description\">\n<p><span class=\"\">Sac besace sorti \u00e0 l\u2019\u00e9poque du \u00ab\u00a0Paradize Tour\u00a0\u00bb (2002\/2003).<\/span><\/p>\n<p><span class=\"\">Ce mod\u00e8le \u00e9tait \u00e9galement disponible dans une deuxi\u00e8me version, en couleur noire.<\/span><\/p>\n<\/div>\n","protected":false},"featured_media":1543,"template":"","meta":[],"product_cat":[31],"product_tag":[43,159,55],"_links":{"self":[{"href":"https:\/\/indomerch.fr\/index.php\/wp-json\/wp\/v2\/product\/1588"}],"collection":[{"href":"https:\/\/indomerch.fr\/index.php\/wp-json\/wp\/v2\/product"}],"about":[{"href":"https:\/\/indomerch.fr\/index.php\/wp-json\/wp\/v2\/types\/product"}],"version-history":[{"count":1,"href":"https:\/\/indomerch.fr\/index.php\/wp-json\/wp\/v2\/product\/1588\/revisions"}],"predecessor-version":[{"id":1589,"href":"https:\/\/indomerch.fr\/index.php\/wp-json\/wp\/v2\/product\/1588\/revisions\/1589"}],"wp:featuredmedia":[{"embeddable":true,"href":"https:\/\/indomerch.fr\/index.php\/wp-json\/wp\/v2\/media\/1543"}],"wp:attachment":[{"href":"https:\/\/indomerch.fr\/index.php\/wp-json\/wp\/v2\/media?parent=1588"}],"wp:term":[{"taxonomy":"product_cat","embeddable":true,"href":"https:\/\/indomerch.fr\/index.php\/wp-json\/wp\/v2\/product_cat?post=1588"},{"taxonomy":"product_tag","embeddable":true,"href":"https:\/\/indomerch.fr\/index.php\/wp-json\/wp\/v2\/product_tag?post=1588"}],"curies":[{"name":"wp","href":"https:\/\/api.w.org\/{rel}","templated":true}]}}