{"id":1642,"date":"2022-02-05T19:09:33","date_gmt":"2022-02-05T18:09:33","guid":{"rendered":"http:\/\/indomerch.fr\/?post_type=product&#038;p=1642"},"modified":"2022-02-05T19:09:33","modified_gmt":"2022-02-05T18:09:33","slug":"t-shirt-meteor-festivals","status":"publish","type":"product","link":"https:\/\/indomerch.fr\/index.php\/produit\/t-shirt-meteor-festivals\/","title":{"rendered":"T-shirt \u00ab Meteor Festivals \u00bb"},"content":{"rendered":"","protected":false},"excerpt":{"rendered":"<p><span class=\"\" title=\"Modifi\u00e9\">Vendu durant les festivals d&rsquo;\u00e9t\u00e9 de la tourn\u00e9e du \u00ab Meteor Tour \u00bb, \u00e0 compter du 17 juillet 2010 au prix de 25 \u20ac. Disponible en deux coupes : femme et homme.<\/span><\/p>\n","protected":false},"featured_media":1624,"template":"","meta":[],"product_cat":[33],"product_tag":[220,46,45],"_links":{"self":[{"href":"https:\/\/indomerch.fr\/index.php\/wp-json\/wp\/v2\/product\/1642"}],"collection":[{"href":"https:\/\/indomerch.fr\/index.php\/wp-json\/wp\/v2\/product"}],"about":[{"href":"https:\/\/indomerch.fr\/index.php\/wp-json\/wp\/v2\/types\/product"}],"version-history":[{"count":1,"href":"https:\/\/indomerch.fr\/index.php\/wp-json\/wp\/v2\/product\/1642\/revisions"}],"predecessor-version":[{"id":1643,"href":"https:\/\/indomerch.fr\/index.php\/wp-json\/wp\/v2\/product\/1642\/revisions\/1643"}],"wp:featuredmedia":[{"embeddable":true,"href":"https:\/\/indomerch.fr\/index.php\/wp-json\/wp\/v2\/media\/1624"}],"wp:attachment":[{"href":"https:\/\/indomerch.fr\/index.php\/wp-json\/wp\/v2\/media?parent=1642"}],"wp:term":[{"taxonomy":"product_cat","embeddable":true,"href":"https:\/\/indomerch.fr\/index.php\/wp-json\/wp\/v2\/product_cat?post=1642"},{"taxonomy":"product_tag","embeddable":true,"href":"https:\/\/indomerch.fr\/index.php\/wp-json\/wp\/v2\/product_tag?post=1642"}],"curies":[{"name":"wp","href":"https:\/\/api.w.org\/{rel}","templated":true}]}}