{"id":1650,"date":"2022-02-06T00:32:55","date_gmt":"2022-02-05T23:32:55","guid":{"rendered":"http:\/\/indomerch.fr\/?post_type=product&#038;p=1650"},"modified":"2022-02-06T00:32:56","modified_gmt":"2022-02-05T23:32:56","slug":"t-shirt-alice-june-ruban-bleu","status":"publish","type":"product","link":"https:\/\/indomerch.fr\/index.php\/produit\/t-shirt-alice-june-ruban-bleu\/","title":{"rendered":"T-shirt \u00ab Alice &#038; June \u00bb (ruban bleu)"},"content":{"rendered":"","protected":false},"excerpt":{"rendered":"<p>Vendu sur l&rsquo;Indoshop \u00e0 compter du mois de d\u00e9cembre 2005 et durant la premi\u00e8re partie de la tourn\u00e9e \u00ab Alice &amp; June Tour \u00bb en 2006, au prix de 20 \u20ac.<\/p>\n","protected":false},"featured_media":1648,"template":"","meta":[],"product_cat":[32],"product_tag":[108,222,45],"_links":{"self":[{"href":"https:\/\/indomerch.fr\/index.php\/wp-json\/wp\/v2\/product\/1650"}],"collection":[{"href":"https:\/\/indomerch.fr\/index.php\/wp-json\/wp\/v2\/product"}],"about":[{"href":"https:\/\/indomerch.fr\/index.php\/wp-json\/wp\/v2\/types\/product"}],"version-history":[{"count":1,"href":"https:\/\/indomerch.fr\/index.php\/wp-json\/wp\/v2\/product\/1650\/revisions"}],"predecessor-version":[{"id":1651,"href":"https:\/\/indomerch.fr\/index.php\/wp-json\/wp\/v2\/product\/1650\/revisions\/1651"}],"wp:featuredmedia":[{"embeddable":true,"href":"https:\/\/indomerch.fr\/index.php\/wp-json\/wp\/v2\/media\/1648"}],"wp:attachment":[{"href":"https:\/\/indomerch.fr\/index.php\/wp-json\/wp\/v2\/media?parent=1650"}],"wp:term":[{"taxonomy":"product_cat","embeddable":true,"href":"https:\/\/indomerch.fr\/index.php\/wp-json\/wp\/v2\/product_cat?post=1650"},{"taxonomy":"product_tag","embeddable":true,"href":"https:\/\/indomerch.fr\/index.php\/wp-json\/wp\/v2\/product_tag?post=1650"}],"curies":[{"name":"wp","href":"https:\/\/api.w.org\/{rel}","templated":true}]}}