{"id":1652,"date":"2022-02-06T00:38:48","date_gmt":"2022-02-05T23:38:48","guid":{"rendered":"http:\/\/indomerch.fr\/?post_type=product&#038;p=1652"},"modified":"2022-02-06T00:38:49","modified_gmt":"2022-02-05T23:38:49","slug":"t-shirt-alice-june-ruban-rose","status":"publish","type":"product","link":"https:\/\/indomerch.fr\/index.php\/produit\/t-shirt-alice-june-ruban-rose\/","title":{"rendered":"T-shirt \u00ab Alice &#038; June \u00bb (ruban rose)"},"content":{"rendered":"","protected":false},"excerpt":{"rendered":"<p>Vendu sur l\u2019Indoshop \u00e0 compter du mois de d\u00e9cembre 2005 et durant la premi\u00e8re partie de la tourn\u00e9e \u00ab Alice &amp; June Tour \u00bb en 2006, au prix de 20 \u20ac.<\/p>\n","protected":false},"featured_media":1649,"template":"","meta":[],"product_cat":[32],"product_tag":[108,223,45],"_links":{"self":[{"href":"https:\/\/indomerch.fr\/index.php\/wp-json\/wp\/v2\/product\/1652"}],"collection":[{"href":"https:\/\/indomerch.fr\/index.php\/wp-json\/wp\/v2\/product"}],"about":[{"href":"https:\/\/indomerch.fr\/index.php\/wp-json\/wp\/v2\/types\/product"}],"version-history":[{"count":1,"href":"https:\/\/indomerch.fr\/index.php\/wp-json\/wp\/v2\/product\/1652\/revisions"}],"predecessor-version":[{"id":1653,"href":"https:\/\/indomerch.fr\/index.php\/wp-json\/wp\/v2\/product\/1652\/revisions\/1653"}],"wp:featuredmedia":[{"embeddable":true,"href":"https:\/\/indomerch.fr\/index.php\/wp-json\/wp\/v2\/media\/1649"}],"wp:attachment":[{"href":"https:\/\/indomerch.fr\/index.php\/wp-json\/wp\/v2\/media?parent=1652"}],"wp:term":[{"taxonomy":"product_cat","embeddable":true,"href":"https:\/\/indomerch.fr\/index.php\/wp-json\/wp\/v2\/product_cat?post=1652"},{"taxonomy":"product_tag","embeddable":true,"href":"https:\/\/indomerch.fr\/index.php\/wp-json\/wp\/v2\/product_tag?post=1652"}],"curies":[{"name":"wp","href":"https:\/\/api.w.org\/{rel}","templated":true}]}}