{"id":1738,"date":"2022-03-12T15:06:40","date_gmt":"2022-03-12T14:06:40","guid":{"rendered":"http:\/\/indomerch.fr\/?post_type=product&#038;p=1738"},"modified":"2022-03-12T15:06:41","modified_gmt":"2022-03-12T14:06:41","slug":"t-shirt-peril-jaune-2010-3","status":"publish","type":"product","link":"https:\/\/indomerch.fr\/index.php\/produit\/t-shirt-peril-jaune-2010-3\/","title":{"rendered":"T-shirt \u00ab P\u00e9ril Jaune \u00bb (2010)"},"content":{"rendered":"","protected":false},"excerpt":{"rendered":"<div class=\"woocommerce-product-details__short-description\">\n<p><span class=\"\">R\u00e9\u00e9dition du t-shirt \u00ab P\u00e9ril Jaune \u00bb vendu dans les ann\u00e9es 80. Il s\u2019agit du mod\u00e8le homme, imprim\u00e9 sur fond blanc puisque le mod\u00e8le femme \u00e9tait vendu avec un imprim\u00e9 sur une base int\u00e9gralement verte.<br \/>\n<\/span><\/p>\n<p><span class=\"\">Ce t-shirt \u00e9tait vendu durant le concert au Stade de France du 26 juin 2010 \u00e0 Paris au prix de 25 \u20ac. Il a ensuite \u00e9t\u00e9 mis en ligne sur l\u2019Indoshop, au cours de l&rsquo;\u00e9t\u00e9 2010.<br \/>\n<\/span><\/p>\n<\/div>\n","protected":false},"featured_media":1737,"template":"","meta":[],"product_cat":[33],"product_tag":[112,111,45],"_links":{"self":[{"href":"https:\/\/indomerch.fr\/index.php\/wp-json\/wp\/v2\/product\/1738"}],"collection":[{"href":"https:\/\/indomerch.fr\/index.php\/wp-json\/wp\/v2\/product"}],"about":[{"href":"https:\/\/indomerch.fr\/index.php\/wp-json\/wp\/v2\/types\/product"}],"version-history":[{"count":1,"href":"https:\/\/indomerch.fr\/index.php\/wp-json\/wp\/v2\/product\/1738\/revisions"}],"predecessor-version":[{"id":1739,"href":"https:\/\/indomerch.fr\/index.php\/wp-json\/wp\/v2\/product\/1738\/revisions\/1739"}],"wp:featuredmedia":[{"embeddable":true,"href":"https:\/\/indomerch.fr\/index.php\/wp-json\/wp\/v2\/media\/1737"}],"wp:attachment":[{"href":"https:\/\/indomerch.fr\/index.php\/wp-json\/wp\/v2\/media?parent=1738"}],"wp:term":[{"taxonomy":"product_cat","embeddable":true,"href":"https:\/\/indomerch.fr\/index.php\/wp-json\/wp\/v2\/product_cat?post=1738"},{"taxonomy":"product_tag","embeddable":true,"href":"https:\/\/indomerch.fr\/index.php\/wp-json\/wp\/v2\/product_tag?post=1738"}],"curies":[{"name":"wp","href":"https:\/\/api.w.org\/{rel}","templated":true}]}}