{"id":1773,"date":"2022-04-02T20:05:03","date_gmt":"2022-04-02T18:05:03","guid":{"rendered":"http:\/\/indomerch.fr\/?post_type=product&#038;p=1773"},"modified":"2022-04-02T20:06:35","modified_gmt":"2022-04-02T18:06:35","slug":"t-shirt-alice-june-tour-ruban-dore-1ere-version","status":"publish","type":"product","link":"https:\/\/indomerch.fr\/index.php\/produit\/t-shirt-alice-june-tour-ruban-dore-1ere-version\/","title":{"rendered":"T-shirt \u00ab Alice &#038; June Tour \u00bb (ruban dor\u00e9 \u2013 1\u00e8re version)"},"content":{"rendered":"","protected":false},"excerpt":{"rendered":"<p>Vendu durant la deuxi\u00e8me partie de la tourn\u00e9e \u00ab Alice &amp; June Tour \u00bb en 2007, puis sur l\u2019Indoshop entre avril 2007 et juin 2008, au prix de 25 \u20ac.<\/p>\n","protected":false},"featured_media":1769,"template":"","meta":[],"product_cat":[32],"product_tag":[150,232,45],"_links":{"self":[{"href":"https:\/\/indomerch.fr\/index.php\/wp-json\/wp\/v2\/product\/1773"}],"collection":[{"href":"https:\/\/indomerch.fr\/index.php\/wp-json\/wp\/v2\/product"}],"about":[{"href":"https:\/\/indomerch.fr\/index.php\/wp-json\/wp\/v2\/types\/product"}],"version-history":[{"count":2,"href":"https:\/\/indomerch.fr\/index.php\/wp-json\/wp\/v2\/product\/1773\/revisions"}],"predecessor-version":[{"id":1775,"href":"https:\/\/indomerch.fr\/index.php\/wp-json\/wp\/v2\/product\/1773\/revisions\/1775"}],"wp:featuredmedia":[{"embeddable":true,"href":"https:\/\/indomerch.fr\/index.php\/wp-json\/wp\/v2\/media\/1769"}],"wp:attachment":[{"href":"https:\/\/indomerch.fr\/index.php\/wp-json\/wp\/v2\/media?parent=1773"}],"wp:term":[{"taxonomy":"product_cat","embeddable":true,"href":"https:\/\/indomerch.fr\/index.php\/wp-json\/wp\/v2\/product_cat?post=1773"},{"taxonomy":"product_tag","embeddable":true,"href":"https:\/\/indomerch.fr\/index.php\/wp-json\/wp\/v2\/product_tag?post=1773"}],"curies":[{"name":"wp","href":"https:\/\/api.w.org\/{rel}","templated":true}]}}