{"id":1817,"date":"2022-04-16T16:02:46","date_gmt":"2022-04-16T14:02:46","guid":{"rendered":"http:\/\/indomerch.fr\/?post_type=product&#038;p=1817"},"modified":"2022-04-16T16:02:47","modified_gmt":"2022-04-16T14:02:47","slug":"t-shirt-13-tour-crew-staff-2","status":"publish","type":"product","link":"https:\/\/indomerch.fr\/index.php\/produit\/t-shirt-13-tour-crew-staff-2\/","title":{"rendered":"T-shirt \u00ab 13 Tour \u2013 Crew \u00bb (Staff)"},"content":{"rendered":"","protected":false},"excerpt":{"rendered":"<p>T-shirt non commercialis\u00e9, utilis\u00e9 par les \u00e9quipes de la tourn\u00e9e du \u00ab 13 Tour \u00bb entre 2018 et 2019 (floqu\u00e9 au dos).<\/p>\n","protected":false},"featured_media":1810,"template":"","meta":[],"product_cat":[141],"product_tag":[49,238,45],"_links":{"self":[{"href":"https:\/\/indomerch.fr\/index.php\/wp-json\/wp\/v2\/product\/1817"}],"collection":[{"href":"https:\/\/indomerch.fr\/index.php\/wp-json\/wp\/v2\/product"}],"about":[{"href":"https:\/\/indomerch.fr\/index.php\/wp-json\/wp\/v2\/types\/product"}],"version-history":[{"count":1,"href":"https:\/\/indomerch.fr\/index.php\/wp-json\/wp\/v2\/product\/1817\/revisions"}],"predecessor-version":[{"id":1818,"href":"https:\/\/indomerch.fr\/index.php\/wp-json\/wp\/v2\/product\/1817\/revisions\/1818"}],"wp:featuredmedia":[{"embeddable":true,"href":"https:\/\/indomerch.fr\/index.php\/wp-json\/wp\/v2\/media\/1810"}],"wp:attachment":[{"href":"https:\/\/indomerch.fr\/index.php\/wp-json\/wp\/v2\/media?parent=1817"}],"wp:term":[{"taxonomy":"product_cat","embeddable":true,"href":"https:\/\/indomerch.fr\/index.php\/wp-json\/wp\/v2\/product_cat?post=1817"},{"taxonomy":"product_tag","embeddable":true,"href":"https:\/\/indomerch.fr\/index.php\/wp-json\/wp\/v2\/product_tag?post=1817"}],"curies":[{"name":"wp","href":"https:\/\/api.w.org\/{rel}","templated":true}]}}