{"id":1877,"date":"2022-06-18T15:01:53","date_gmt":"2022-06-18T13:01:53","guid":{"rendered":"http:\/\/indomerch.fr\/?post_type=product&#038;p=1877"},"modified":"2022-06-18T15:01:53","modified_gmt":"2022-06-18T13:01:53","slug":"veste-meteor-tour-staff-2","status":"publish","type":"product","link":"https:\/\/indomerch.fr\/index.php\/produit\/veste-meteor-tour-staff-2\/","title":{"rendered":"Veste \u00ab Meteor Tour \u00bb (Staff)"},"content":{"rendered":"","protected":false},"excerpt":{"rendered":"<p>Veste non commercialis\u00e9e, utilis\u00e9e par les \u00e9quipes de la tourn\u00e9e du \u00ab Meteor Tour \u00bb en 2009 et 2010.<\/p>\n","protected":false},"featured_media":1853,"template":"","meta":[],"product_cat":[141],"product_tag":[46,145,139],"_links":{"self":[{"href":"https:\/\/indomerch.fr\/index.php\/wp-json\/wp\/v2\/product\/1877"}],"collection":[{"href":"https:\/\/indomerch.fr\/index.php\/wp-json\/wp\/v2\/product"}],"about":[{"href":"https:\/\/indomerch.fr\/index.php\/wp-json\/wp\/v2\/types\/product"}],"version-history":[{"count":1,"href":"https:\/\/indomerch.fr\/index.php\/wp-json\/wp\/v2\/product\/1877\/revisions"}],"predecessor-version":[{"id":1878,"href":"https:\/\/indomerch.fr\/index.php\/wp-json\/wp\/v2\/product\/1877\/revisions\/1878"}],"wp:featuredmedia":[{"embeddable":true,"href":"https:\/\/indomerch.fr\/index.php\/wp-json\/wp\/v2\/media\/1853"}],"wp:attachment":[{"href":"https:\/\/indomerch.fr\/index.php\/wp-json\/wp\/v2\/media?parent=1877"}],"wp:term":[{"taxonomy":"product_cat","embeddable":true,"href":"https:\/\/indomerch.fr\/index.php\/wp-json\/wp\/v2\/product_cat?post=1877"},{"taxonomy":"product_tag","embeddable":true,"href":"https:\/\/indomerch.fr\/index.php\/wp-json\/wp\/v2\/product_tag?post=1877"}],"curies":[{"name":"wp","href":"https:\/\/api.w.org\/{rel}","templated":true}]}}