{"id":1881,"date":"2022-06-18T15:21:49","date_gmt":"2022-06-18T13:21:49","guid":{"rendered":"http:\/\/indomerch.fr\/?post_type=product&#038;p=1881"},"modified":"2022-06-18T15:21:50","modified_gmt":"2022-06-18T13:21:50","slug":"echarpe-croix-paradize-2","status":"publish","type":"product","link":"https:\/\/indomerch.fr\/index.php\/produit\/echarpe-croix-paradize-2\/","title":{"rendered":"Echarpe \u00ab Croix Paradize \u00bb"},"content":{"rendered":"","protected":false},"excerpt":{"rendered":"<div class=\"woocommerce-product-details__short-description\">\n<p>Dimensions : 236 cm x 41 cm. Marque : American Apparel<\/p>\n<p>Vendue durant les concerts des 1er et 2 f\u00e9vrier 2012 au Z\u00e9nith de Paris puis \u00e0 compter du 6 f\u00e9vrier 2012 sur l\u2019Indoshop, au prix de 18 \u20ac.<\/p>\n<\/div>\n","protected":false},"featured_media":1849,"template":"","meta":[],"product_cat":[31],"product_tag":[128,207],"_links":{"self":[{"href":"https:\/\/indomerch.fr\/index.php\/wp-json\/wp\/v2\/product\/1881"}],"collection":[{"href":"https:\/\/indomerch.fr\/index.php\/wp-json\/wp\/v2\/product"}],"about":[{"href":"https:\/\/indomerch.fr\/index.php\/wp-json\/wp\/v2\/types\/product"}],"version-history":[{"count":1,"href":"https:\/\/indomerch.fr\/index.php\/wp-json\/wp\/v2\/product\/1881\/revisions"}],"predecessor-version":[{"id":1882,"href":"https:\/\/indomerch.fr\/index.php\/wp-json\/wp\/v2\/product\/1881\/revisions\/1882"}],"wp:featuredmedia":[{"embeddable":true,"href":"https:\/\/indomerch.fr\/index.php\/wp-json\/wp\/v2\/media\/1849"}],"wp:attachment":[{"href":"https:\/\/indomerch.fr\/index.php\/wp-json\/wp\/v2\/media?parent=1881"}],"wp:term":[{"taxonomy":"product_cat","embeddable":true,"href":"https:\/\/indomerch.fr\/index.php\/wp-json\/wp\/v2\/product_cat?post=1881"},{"taxonomy":"product_tag","embeddable":true,"href":"https:\/\/indomerch.fr\/index.php\/wp-json\/wp\/v2\/product_tag?post=1881"}],"curies":[{"name":"wp","href":"https:\/\/api.w.org\/{rel}","templated":true}]}}