{"id":1916,"date":"2022-09-24T14:18:23","date_gmt":"2022-09-24T12:18:23","guid":{"rendered":"http:\/\/indomerch.fr\/?post_type=product&#038;p=1916"},"modified":"2024-01-31T20:49:07","modified_gmt":"2024-01-31T19:49:07","slug":"bracelet-lalla-chiffon-bleu-cuir","status":"publish","type":"product","link":"https:\/\/indomerch.fr\/index.php\/produit\/bracelet-lalla-chiffon-bleu-cuir\/","title":{"rendered":"Bracelet \u00ab Lalla Chiffon \u00bb (cuir bleu)"},"content":{"rendered":"","protected":false},"excerpt":{"rendered":"<div class=\"woocommerce-product-details__short-description\">\n<p>Vendu uniquement sur l\u2019Indoshop \u00e0 compter du 30 ao\u00fbt 2011, puis remis en vente le 7 d\u00e9cembre 2011 au prix de 35 \u20ac.<\/p>\n<p>Le bracelet est accompagn\u00e9 d\u2019une carte num\u00e9rot\u00e9e ainsi qu\u2019une pochette en lin naturel.<\/p>\n<\/div>\n","protected":false},"featured_media":1910,"template":"","meta":[],"product_cat":[33],"product_tag":[107,203],"_links":{"self":[{"href":"https:\/\/indomerch.fr\/index.php\/wp-json\/wp\/v2\/product\/1916"}],"collection":[{"href":"https:\/\/indomerch.fr\/index.php\/wp-json\/wp\/v2\/product"}],"about":[{"href":"https:\/\/indomerch.fr\/index.php\/wp-json\/wp\/v2\/types\/product"}],"version-history":[{"count":2,"href":"https:\/\/indomerch.fr\/index.php\/wp-json\/wp\/v2\/product\/1916\/revisions"}],"predecessor-version":[{"id":2270,"href":"https:\/\/indomerch.fr\/index.php\/wp-json\/wp\/v2\/product\/1916\/revisions\/2270"}],"wp:featuredmedia":[{"embeddable":true,"href":"https:\/\/indomerch.fr\/index.php\/wp-json\/wp\/v2\/media\/1910"}],"wp:attachment":[{"href":"https:\/\/indomerch.fr\/index.php\/wp-json\/wp\/v2\/media?parent=1916"}],"wp:term":[{"taxonomy":"product_cat","embeddable":true,"href":"https:\/\/indomerch.fr\/index.php\/wp-json\/wp\/v2\/product_cat?post=1916"},{"taxonomy":"product_tag","embeddable":true,"href":"https:\/\/indomerch.fr\/index.php\/wp-json\/wp\/v2\/product_tag?post=1916"}],"curies":[{"name":"wp","href":"https:\/\/api.w.org\/{rel}","templated":true}]}}