{"id":1932,"date":"2023-02-25T15:36:47","date_gmt":"2023-02-25T14:36:47","guid":{"rendered":"http:\/\/indomerch.fr\/?post_type=product&#038;p=1932"},"modified":"2023-02-25T15:36:47","modified_gmt":"2023-02-25T14:36:47","slug":"t-shirt-meteor-soldier-staff","status":"publish","type":"product","link":"https:\/\/indomerch.fr\/index.php\/produit\/t-shirt-meteor-soldier-staff\/","title":{"rendered":"T-shirt \u00ab\u00a0Meteor Soldier\u00a0\u00bb (Staff)"},"content":{"rendered":"","protected":false},"excerpt":{"rendered":"<p>T-shirt non commercialis\u00e9, utilis\u00e9 par les \u00e9quipes du staff pour le concert au Stade de France du 26 juin 2010 \u00e0 Paris.<\/p>\n","protected":false},"featured_media":1928,"template":"","meta":[],"product_cat":[33],"product_tag":[242,145,45],"_links":{"self":[{"href":"https:\/\/indomerch.fr\/index.php\/wp-json\/wp\/v2\/product\/1932"}],"collection":[{"href":"https:\/\/indomerch.fr\/index.php\/wp-json\/wp\/v2\/product"}],"about":[{"href":"https:\/\/indomerch.fr\/index.php\/wp-json\/wp\/v2\/types\/product"}],"version-history":[{"count":1,"href":"https:\/\/indomerch.fr\/index.php\/wp-json\/wp\/v2\/product\/1932\/revisions"}],"predecessor-version":[{"id":1933,"href":"https:\/\/indomerch.fr\/index.php\/wp-json\/wp\/v2\/product\/1932\/revisions\/1933"}],"wp:featuredmedia":[{"embeddable":true,"href":"https:\/\/indomerch.fr\/index.php\/wp-json\/wp\/v2\/media\/1928"}],"wp:attachment":[{"href":"https:\/\/indomerch.fr\/index.php\/wp-json\/wp\/v2\/media?parent=1932"}],"wp:term":[{"taxonomy":"product_cat","embeddable":true,"href":"https:\/\/indomerch.fr\/index.php\/wp-json\/wp\/v2\/product_cat?post=1932"},{"taxonomy":"product_tag","embeddable":true,"href":"https:\/\/indomerch.fr\/index.php\/wp-json\/wp\/v2\/product_tag?post=1932"}],"curies":[{"name":"wp","href":"https:\/\/api.w.org\/{rel}","templated":true}]}}