{"id":1934,"date":"2023-02-25T15:46:01","date_gmt":"2023-02-25T14:46:01","guid":{"rendered":"http:\/\/indomerch.fr\/?post_type=product&#038;p=1934"},"modified":"2023-02-25T15:46:01","modified_gmt":"2023-02-25T14:46:01","slug":"t-shirt-meteor-soldier-staff-2","status":"publish","type":"product","link":"https:\/\/indomerch.fr\/index.php\/produit\/t-shirt-meteor-soldier-staff-2\/","title":{"rendered":"T-shirt \u00ab Meteor Soldier \u00bb (Staff)"},"content":{"rendered":"","protected":false},"excerpt":{"rendered":"<p>T-shirt non commercialis\u00e9, utilis\u00e9 par les \u00e9quipes du staff pour le concert au Stade de France du 26 juin 2010 \u00e0 Paris.<\/p>\n","protected":false},"featured_media":1928,"template":"","meta":[],"product_cat":[141],"product_tag":[242,145,45],"_links":{"self":[{"href":"https:\/\/indomerch.fr\/index.php\/wp-json\/wp\/v2\/product\/1934"}],"collection":[{"href":"https:\/\/indomerch.fr\/index.php\/wp-json\/wp\/v2\/product"}],"about":[{"href":"https:\/\/indomerch.fr\/index.php\/wp-json\/wp\/v2\/types\/product"}],"version-history":[{"count":1,"href":"https:\/\/indomerch.fr\/index.php\/wp-json\/wp\/v2\/product\/1934\/revisions"}],"predecessor-version":[{"id":1935,"href":"https:\/\/indomerch.fr\/index.php\/wp-json\/wp\/v2\/product\/1934\/revisions\/1935"}],"wp:featuredmedia":[{"embeddable":true,"href":"https:\/\/indomerch.fr\/index.php\/wp-json\/wp\/v2\/media\/1928"}],"wp:attachment":[{"href":"https:\/\/indomerch.fr\/index.php\/wp-json\/wp\/v2\/media?parent=1934"}],"wp:term":[{"taxonomy":"product_cat","embeddable":true,"href":"https:\/\/indomerch.fr\/index.php\/wp-json\/wp\/v2\/product_cat?post=1934"},{"taxonomy":"product_tag","embeddable":true,"href":"https:\/\/indomerch.fr\/index.php\/wp-json\/wp\/v2\/product_tag?post=1934"}],"curies":[{"name":"wp","href":"https:\/\/api.w.org\/{rel}","templated":true}]}}