{"id":1942,"date":"2023-03-04T18:30:11","date_gmt":"2023-03-04T17:30:11","guid":{"rendered":"http:\/\/indomerch.fr\/?post_type=product&#038;p=1942"},"modified":"2023-03-04T18:30:11","modified_gmt":"2023-03-04T17:30:11","slug":"teddy-central-tour","status":"publish","type":"product","link":"https:\/\/indomerch.fr\/index.php\/produit\/teddy-central-tour\/","title":{"rendered":"Teddy \u00ab\u00a0Central Tour\u00a0\u00bb"},"content":{"rendered":"","protected":false},"excerpt":{"rendered":"<p>Vendu sur le Central Tour entre le 21 mai et le 3 juillet 2022 puis en ligne, sur l\u2019Indoshop, \u00e0 compter du 8 juillet 2022, au prix de 60 \u20ac.<\/p>\n<p>Ce Teddy \u00e9tait \u00e9galement vendu (en petite quantit\u00e9) dans les 5 magasins FNAC partenaires de la tourn\u00e9e au sein du Pop-Up Store au prix de 65 \u20ac.<\/p>\n<p>&nbsp;<\/p>\n<p>&nbsp;<\/p>\n","protected":false},"featured_media":1937,"template":"","meta":[],"product_cat":[125],"product_tag":[96,19,139],"_links":{"self":[{"href":"https:\/\/indomerch.fr\/index.php\/wp-json\/wp\/v2\/product\/1942"}],"collection":[{"href":"https:\/\/indomerch.fr\/index.php\/wp-json\/wp\/v2\/product"}],"about":[{"href":"https:\/\/indomerch.fr\/index.php\/wp-json\/wp\/v2\/types\/product"}],"version-history":[{"count":1,"href":"https:\/\/indomerch.fr\/index.php\/wp-json\/wp\/v2\/product\/1942\/revisions"}],"predecessor-version":[{"id":1943,"href":"https:\/\/indomerch.fr\/index.php\/wp-json\/wp\/v2\/product\/1942\/revisions\/1943"}],"wp:featuredmedia":[{"embeddable":true,"href":"https:\/\/indomerch.fr\/index.php\/wp-json\/wp\/v2\/media\/1937"}],"wp:attachment":[{"href":"https:\/\/indomerch.fr\/index.php\/wp-json\/wp\/v2\/media?parent=1942"}],"wp:term":[{"taxonomy":"product_cat","embeddable":true,"href":"https:\/\/indomerch.fr\/index.php\/wp-json\/wp\/v2\/product_cat?post=1942"},{"taxonomy":"product_tag","embeddable":true,"href":"https:\/\/indomerch.fr\/index.php\/wp-json\/wp\/v2\/product_tag?post=1942"}],"curies":[{"name":"wp","href":"https:\/\/api.w.org\/{rel}","templated":true}]}}