{"id":1982,"date":"2023-04-29T16:59:10","date_gmt":"2023-04-29T14:59:10","guid":{"rendered":"http:\/\/indomerch.fr\/?post_type=product&#038;p=1982"},"modified":"2023-04-29T17:06:18","modified_gmt":"2023-04-29T15:06:18","slug":"t-shirt-central-tour-fnac-2","status":"publish","type":"product","link":"https:\/\/indomerch.fr\/index.php\/produit\/t-shirt-central-tour-fnac-2\/","title":{"rendered":"T-shirt \u00ab Central Tour \u00bb (FNAC)"},"content":{"rendered":"","protected":false},"excerpt":{"rendered":"<div class=\"woocommerce-product-details__short-description\">\n<p>T-shirt vendu en exclusivit\u00e9 dans les FNAC des 5 villes de la tourn\u00e9e Central Tour : Paris, Bordeaux, Marseille, Lyon et Lille.<\/p>\n<p>T-shirt vendu au sein du Pop-Up Store \u00e9ph\u00e9m\u00e8re des 5 magasins FNAC partenaires entre mai et juillet 2022, au prix de 24 \u20ac.<\/p>\n<\/div>\n","protected":false},"featured_media":1976,"template":"","meta":[],"product_cat":[141],"product_tag":[96,243,45],"_links":{"self":[{"href":"https:\/\/indomerch.fr\/index.php\/wp-json\/wp\/v2\/product\/1982"}],"collection":[{"href":"https:\/\/indomerch.fr\/index.php\/wp-json\/wp\/v2\/product"}],"about":[{"href":"https:\/\/indomerch.fr\/index.php\/wp-json\/wp\/v2\/types\/product"}],"version-history":[{"count":2,"href":"https:\/\/indomerch.fr\/index.php\/wp-json\/wp\/v2\/product\/1982\/revisions"}],"predecessor-version":[{"id":1985,"href":"https:\/\/indomerch.fr\/index.php\/wp-json\/wp\/v2\/product\/1982\/revisions\/1985"}],"wp:featuredmedia":[{"embeddable":true,"href":"https:\/\/indomerch.fr\/index.php\/wp-json\/wp\/v2\/media\/1976"}],"wp:attachment":[{"href":"https:\/\/indomerch.fr\/index.php\/wp-json\/wp\/v2\/media?parent=1982"}],"wp:term":[{"taxonomy":"product_cat","embeddable":true,"href":"https:\/\/indomerch.fr\/index.php\/wp-json\/wp\/v2\/product_cat?post=1982"},{"taxonomy":"product_tag","embeddable":true,"href":"https:\/\/indomerch.fr\/index.php\/wp-json\/wp\/v2\/product_tag?post=1982"}],"curies":[{"name":"wp","href":"https:\/\/api.w.org\/{rel}","templated":true}]}}