{"id":1986,"date":"2023-04-29T17:20:41","date_gmt":"2023-04-29T15:20:41","guid":{"rendered":"http:\/\/indomerch.fr\/?post_type=product&#038;p=1986"},"modified":"2023-04-29T17:20:42","modified_gmt":"2023-04-29T15:20:42","slug":"lot-de-2-bracelets-eponge-indochine","status":"publish","type":"product","link":"https:\/\/indomerch.fr\/index.php\/produit\/lot-de-2-bracelets-eponge-indochine\/","title":{"rendered":"Lot de 2 bracelets \u00e9ponge \u00ab\u00a0Indochine\u00a0\u00bb"},"content":{"rendered":"","protected":false},"excerpt":{"rendered":"<p>Lot de 2 bracelets en \u00e9ponge tiss\u00e9e vendu durant la tourn\u00e9e \u00ab\u00a0Alice &amp; June Tour\u00a0\u00bb en 2006\/2007, puis sur l&rsquo;Indoshop \u00e0 compter du mois de janvier 2007, au prix de 12 \u20ac.<\/p>\n","protected":false},"featured_media":1975,"template":"","meta":[],"product_cat":[32],"product_tag":[150,107],"_links":{"self":[{"href":"https:\/\/indomerch.fr\/index.php\/wp-json\/wp\/v2\/product\/1986"}],"collection":[{"href":"https:\/\/indomerch.fr\/index.php\/wp-json\/wp\/v2\/product"}],"about":[{"href":"https:\/\/indomerch.fr\/index.php\/wp-json\/wp\/v2\/types\/product"}],"version-history":[{"count":1,"href":"https:\/\/indomerch.fr\/index.php\/wp-json\/wp\/v2\/product\/1986\/revisions"}],"predecessor-version":[{"id":1987,"href":"https:\/\/indomerch.fr\/index.php\/wp-json\/wp\/v2\/product\/1986\/revisions\/1987"}],"wp:featuredmedia":[{"embeddable":true,"href":"https:\/\/indomerch.fr\/index.php\/wp-json\/wp\/v2\/media\/1975"}],"wp:attachment":[{"href":"https:\/\/indomerch.fr\/index.php\/wp-json\/wp\/v2\/media?parent=1986"}],"wp:term":[{"taxonomy":"product_cat","embeddable":true,"href":"https:\/\/indomerch.fr\/index.php\/wp-json\/wp\/v2\/product_cat?post=1986"},{"taxonomy":"product_tag","embeddable":true,"href":"https:\/\/indomerch.fr\/index.php\/wp-json\/wp\/v2\/product_tag?post=1986"}],"curies":[{"name":"wp","href":"https:\/\/api.w.org\/{rel}","templated":true}]}}