{"id":2010,"date":"2023-06-03T22:53:40","date_gmt":"2023-06-03T20:53:40","guid":{"rendered":"http:\/\/indomerch.fr\/?post_type=product&#038;p=2010"},"modified":"2023-06-03T22:53:40","modified_gmt":"2023-06-03T20:53:40","slug":"t-shirt-paradize-tour-canada","status":"publish","type":"product","link":"https:\/\/indomerch.fr\/index.php\/produit\/t-shirt-paradize-tour-canada\/","title":{"rendered":"T-shirt \u00ab Paradize Tour \u00bb (Canada)"},"content":{"rendered":"","protected":false},"excerpt":{"rendered":"<p><span class=\"\">Ce mod\u00e8le a \u00e9t\u00e9 vendu pendant la tourn\u00e9e Paradize Tour (2002\/2003)<\/span> mais uniquement durant les concerts au Canada des 4, 6 et 7 octobre 2002.<\/p>\n","protected":false},"featured_media":2001,"template":"","meta":[],"product_cat":[31],"product_tag":[249,159,45],"_links":{"self":[{"href":"https:\/\/indomerch.fr\/index.php\/wp-json\/wp\/v2\/product\/2010"}],"collection":[{"href":"https:\/\/indomerch.fr\/index.php\/wp-json\/wp\/v2\/product"}],"about":[{"href":"https:\/\/indomerch.fr\/index.php\/wp-json\/wp\/v2\/types\/product"}],"version-history":[{"count":1,"href":"https:\/\/indomerch.fr\/index.php\/wp-json\/wp\/v2\/product\/2010\/revisions"}],"predecessor-version":[{"id":2011,"href":"https:\/\/indomerch.fr\/index.php\/wp-json\/wp\/v2\/product\/2010\/revisions\/2011"}],"wp:featuredmedia":[{"embeddable":true,"href":"https:\/\/indomerch.fr\/index.php\/wp-json\/wp\/v2\/media\/2001"}],"wp:attachment":[{"href":"https:\/\/indomerch.fr\/index.php\/wp-json\/wp\/v2\/media?parent=2010"}],"wp:term":[{"taxonomy":"product_cat","embeddable":true,"href":"https:\/\/indomerch.fr\/index.php\/wp-json\/wp\/v2\/product_cat?post=2010"},{"taxonomy":"product_tag","embeddable":true,"href":"https:\/\/indomerch.fr\/index.php\/wp-json\/wp\/v2\/product_tag?post=2010"}],"curies":[{"name":"wp","href":"https:\/\/api.w.org\/{rel}","templated":true}]}}