{"id":2012,"date":"2023-06-03T23:15:12","date_gmt":"2023-06-03T21:15:12","guid":{"rendered":"http:\/\/indomerch.fr\/?post_type=product&#038;p=2012"},"modified":"2023-06-03T23:15:12","modified_gmt":"2023-06-03T21:15:12","slug":"porte-cles-le-baiser","status":"publish","type":"product","link":"https:\/\/indomerch.fr\/index.php\/produit\/porte-cles-le-baiser\/","title":{"rendered":"Porte-cl\u00e9s \u00ab Le Baiser \u00bb"},"content":{"rendered":"","protected":false},"excerpt":{"rendered":"<div class=\"woocommerce-product-details__short-description\">\n<p>Vendu en 1990 au prix de 10 Francs (environ 2,50 \u20ac) au sein du fan-club de l&rsquo;\u00e9poque.<\/p>\n<p>Ce porte-cl\u00e9s \u00e9tait disponible \u00e0 la commande au sein du magazine \u00ab P\u00e9ril Jeune \u00bb (Num\u00e9ro 17).<\/p>\n<\/div>\n","protected":false},"featured_media":1997,"template":"","meta":[],"product_cat":[26],"product_tag":[214,54],"_links":{"self":[{"href":"https:\/\/indomerch.fr\/index.php\/wp-json\/wp\/v2\/product\/2012"}],"collection":[{"href":"https:\/\/indomerch.fr\/index.php\/wp-json\/wp\/v2\/product"}],"about":[{"href":"https:\/\/indomerch.fr\/index.php\/wp-json\/wp\/v2\/types\/product"}],"version-history":[{"count":1,"href":"https:\/\/indomerch.fr\/index.php\/wp-json\/wp\/v2\/product\/2012\/revisions"}],"predecessor-version":[{"id":2013,"href":"https:\/\/indomerch.fr\/index.php\/wp-json\/wp\/v2\/product\/2012\/revisions\/2013"}],"wp:featuredmedia":[{"embeddable":true,"href":"https:\/\/indomerch.fr\/index.php\/wp-json\/wp\/v2\/media\/1997"}],"wp:attachment":[{"href":"https:\/\/indomerch.fr\/index.php\/wp-json\/wp\/v2\/media?parent=2012"}],"wp:term":[{"taxonomy":"product_cat","embeddable":true,"href":"https:\/\/indomerch.fr\/index.php\/wp-json\/wp\/v2\/product_cat?post=2012"},{"taxonomy":"product_tag","embeddable":true,"href":"https:\/\/indomerch.fr\/index.php\/wp-json\/wp\/v2\/product_tag?post=2012"}],"curies":[{"name":"wp","href":"https:\/\/api.w.org\/{rel}","templated":true}]}}