{"id":2021,"date":"2023-06-19T00:30:32","date_gmt":"2023-06-18T22:30:32","guid":{"rendered":"http:\/\/indomerch.fr\/?post_type=product&#038;p=2021"},"modified":"2023-06-19T00:30:33","modified_gmt":"2023-06-18T22:30:33","slug":"t-shirt-indo-live-bleu","status":"publish","type":"product","link":"https:\/\/indomerch.fr\/index.php\/produit\/t-shirt-indo-live-bleu\/","title":{"rendered":"T-shirt \u00ab\u00a0Indo-Live\u00a0\u00bb (bleu)"},"content":{"rendered":"","protected":false},"excerpt":{"rendered":"<p>Vendu \u00e0 l\u2019occasion de la tourn\u00e9e \u00ab Live Tour \u00bb qui s&rsquo;est d\u00e9roul\u00e9e entre le 1er mai et le 1er juillet 1998 mais aussi \u00e0 l&rsquo;occasion de la promotion de l&rsquo;album \u00ab\u00a0Indo-Live\u00a0\u00bb, sorti en novembre 1997.\u00a0 Ce t-shirt existe \u00e9galement en orange.<\/p>\n","protected":false},"featured_media":2016,"template":"","meta":[],"product_cat":[29],"product_tag":[250,251,45],"_links":{"self":[{"href":"https:\/\/indomerch.fr\/index.php\/wp-json\/wp\/v2\/product\/2021"}],"collection":[{"href":"https:\/\/indomerch.fr\/index.php\/wp-json\/wp\/v2\/product"}],"about":[{"href":"https:\/\/indomerch.fr\/index.php\/wp-json\/wp\/v2\/types\/product"}],"version-history":[{"count":1,"href":"https:\/\/indomerch.fr\/index.php\/wp-json\/wp\/v2\/product\/2021\/revisions"}],"predecessor-version":[{"id":2022,"href":"https:\/\/indomerch.fr\/index.php\/wp-json\/wp\/v2\/product\/2021\/revisions\/2022"}],"wp:featuredmedia":[{"embeddable":true,"href":"https:\/\/indomerch.fr\/index.php\/wp-json\/wp\/v2\/media\/2016"}],"wp:attachment":[{"href":"https:\/\/indomerch.fr\/index.php\/wp-json\/wp\/v2\/media?parent=2021"}],"wp:term":[{"taxonomy":"product_cat","embeddable":true,"href":"https:\/\/indomerch.fr\/index.php\/wp-json\/wp\/v2\/product_cat?post=2021"},{"taxonomy":"product_tag","embeddable":true,"href":"https:\/\/indomerch.fr\/index.php\/wp-json\/wp\/v2\/product_tag?post=2021"}],"curies":[{"name":"wp","href":"https:\/\/api.w.org\/{rel}","templated":true}]}}