{"id":2023,"date":"2023-06-19T00:39:21","date_gmt":"2023-06-18T22:39:21","guid":{"rendered":"http:\/\/indomerch.fr\/?post_type=product&#038;p=2023"},"modified":"2023-06-19T00:39:21","modified_gmt":"2023-06-18T22:39:21","slug":"calecon-indochine","status":"publish","type":"product","link":"https:\/\/indomerch.fr\/index.php\/produit\/calecon-indochine\/","title":{"rendered":"Cale\u00e7on \u00ab\u00a0Indochine\u00a0\u00bb"},"content":{"rendered":"","protected":false},"excerpt":{"rendered":"<p>Vendu via le magazine \u00ab P\u00e9ril jeune \u00bb (Num\u00e9ro 9) en 1987 au prix de 40 Francs (environ 6,10 \u20ac), puis r\u00e9\u00e9dit\u00e9 en 1989 via le magazine \u00ab P\u00e9ril jeune \u00bb (Num\u00e9ro 14).<\/p>\n","protected":false},"featured_media":2018,"template":"","meta":[],"product_cat":[25],"product_tag":[252,161],"_links":{"self":[{"href":"https:\/\/indomerch.fr\/index.php\/wp-json\/wp\/v2\/product\/2023"}],"collection":[{"href":"https:\/\/indomerch.fr\/index.php\/wp-json\/wp\/v2\/product"}],"about":[{"href":"https:\/\/indomerch.fr\/index.php\/wp-json\/wp\/v2\/types\/product"}],"version-history":[{"count":1,"href":"https:\/\/indomerch.fr\/index.php\/wp-json\/wp\/v2\/product\/2023\/revisions"}],"predecessor-version":[{"id":2024,"href":"https:\/\/indomerch.fr\/index.php\/wp-json\/wp\/v2\/product\/2023\/revisions\/2024"}],"wp:featuredmedia":[{"embeddable":true,"href":"https:\/\/indomerch.fr\/index.php\/wp-json\/wp\/v2\/media\/2018"}],"wp:attachment":[{"href":"https:\/\/indomerch.fr\/index.php\/wp-json\/wp\/v2\/media?parent=2023"}],"wp:term":[{"taxonomy":"product_cat","embeddable":true,"href":"https:\/\/indomerch.fr\/index.php\/wp-json\/wp\/v2\/product_cat?post=2023"},{"taxonomy":"product_tag","embeddable":true,"href":"https:\/\/indomerch.fr\/index.php\/wp-json\/wp\/v2\/product_tag?post=2023"}],"curies":[{"name":"wp","href":"https:\/\/api.w.org\/{rel}","templated":true}]}}