{"id":2025,"date":"2023-06-19T00:43:24","date_gmt":"2023-06-18T22:43:24","guid":{"rendered":"http:\/\/indomerch.fr\/?post_type=product&#038;p=2025"},"modified":"2023-06-19T00:43:24","modified_gmt":"2023-06-18T22:43:24","slug":"tour-de-cou-central-tour-staff","status":"publish","type":"product","link":"https:\/\/indomerch.fr\/index.php\/produit\/tour-de-cou-central-tour-staff\/","title":{"rendered":"Tour de cou \u00ab Central Tour \u00bb (Staff)"},"content":{"rendered":"","protected":false},"excerpt":{"rendered":"<p>Tour de cou non commercialis\u00e9, utilis\u00e9 par les \u00e9quipes de la tourn\u00e9e du \u00ab Central Tour \u00bb en 2022.<\/p>\n","protected":false},"featured_media":2019,"template":"","meta":[],"product_cat":[125],"product_tag":[96,145,87],"_links":{"self":[{"href":"https:\/\/indomerch.fr\/index.php\/wp-json\/wp\/v2\/product\/2025"}],"collection":[{"href":"https:\/\/indomerch.fr\/index.php\/wp-json\/wp\/v2\/product"}],"about":[{"href":"https:\/\/indomerch.fr\/index.php\/wp-json\/wp\/v2\/types\/product"}],"version-history":[{"count":1,"href":"https:\/\/indomerch.fr\/index.php\/wp-json\/wp\/v2\/product\/2025\/revisions"}],"predecessor-version":[{"id":2026,"href":"https:\/\/indomerch.fr\/index.php\/wp-json\/wp\/v2\/product\/2025\/revisions\/2026"}],"wp:featuredmedia":[{"embeddable":true,"href":"https:\/\/indomerch.fr\/index.php\/wp-json\/wp\/v2\/media\/2019"}],"wp:attachment":[{"href":"https:\/\/indomerch.fr\/index.php\/wp-json\/wp\/v2\/media?parent=2025"}],"wp:term":[{"taxonomy":"product_cat","embeddable":true,"href":"https:\/\/indomerch.fr\/index.php\/wp-json\/wp\/v2\/product_cat?post=2025"},{"taxonomy":"product_tag","embeddable":true,"href":"https:\/\/indomerch.fr\/index.php\/wp-json\/wp\/v2\/product_tag?post=2025"}],"curies":[{"name":"wp","href":"https:\/\/api.w.org\/{rel}","templated":true}]}}