{"id":203,"date":"2020-11-05T14:15:14","date_gmt":"2020-11-05T13:15:14","guid":{"rendered":"http:\/\/indomerch.fr\/?post_type=product&#038;p=203"},"modified":"2021-05-13T13:36:53","modified_gmt":"2021-05-13T11:36:53","slug":"203","status":"publish","type":"product","link":"https:\/\/indomerch.fr\/index.php\/produit\/203\/","title":{"rendered":"Trousse d&rsquo;\u00e9colier \u00ab\u00a0Indochine\u00a0\u00bb"},"content":{"rendered":"","protected":false},"excerpt":{"rendered":"<p><span class=\"\">Mise en vente en septembre 2012 exclusivement en ligne, au prix de 14 \u20ac. Rapidement en rupture de stock, elle a sans doute \u00e9t\u00e9 produite en petite quantit\u00e9.<\/span><\/p>\n<p><span class=\"\">La trousse est en jute et en coton. Elle contient une gomme, un surligneur, un taille-crayon en bois, un stylo bille cartonn\u00e9, un crayon \u00e0 papier et une r\u00e8gle en bambou. <\/span><\/p>\n","protected":false},"featured_media":213,"template":"","meta":[],"product_cat":[33],"product_tag":[51,50],"_links":{"self":[{"href":"https:\/\/indomerch.fr\/index.php\/wp-json\/wp\/v2\/product\/203"}],"collection":[{"href":"https:\/\/indomerch.fr\/index.php\/wp-json\/wp\/v2\/product"}],"about":[{"href":"https:\/\/indomerch.fr\/index.php\/wp-json\/wp\/v2\/types\/product"}],"version-history":[{"count":3,"href":"https:\/\/indomerch.fr\/index.php\/wp-json\/wp\/v2\/product\/203\/revisions"}],"predecessor-version":[{"id":807,"href":"https:\/\/indomerch.fr\/index.php\/wp-json\/wp\/v2\/product\/203\/revisions\/807"}],"wp:featuredmedia":[{"embeddable":true,"href":"https:\/\/indomerch.fr\/index.php\/wp-json\/wp\/v2\/media\/213"}],"wp:attachment":[{"href":"https:\/\/indomerch.fr\/index.php\/wp-json\/wp\/v2\/media?parent=203"}],"wp:term":[{"taxonomy":"product_cat","embeddable":true,"href":"https:\/\/indomerch.fr\/index.php\/wp-json\/wp\/v2\/product_cat?post=203"},{"taxonomy":"product_tag","embeddable":true,"href":"https:\/\/indomerch.fr\/index.php\/wp-json\/wp\/v2\/product_tag?post=203"}],"curies":[{"name":"wp","href":"https:\/\/api.w.org\/{rel}","templated":true}]}}