{"id":2073,"date":"2023-09-16T17:15:41","date_gmt":"2023-09-16T15:15:41","guid":{"rendered":"http:\/\/indomerch.fr\/?post_type=product&#038;p=2073"},"modified":"2023-09-16T17:15:41","modified_gmt":"2023-09-16T15:15:41","slug":"bracelet-lalla-chiffon-violet","status":"publish","type":"product","link":"https:\/\/indomerch.fr\/index.php\/produit\/bracelet-lalla-chiffon-violet\/","title":{"rendered":"Bracelet \u00ab Lalla Chiffon \u00bb (violet)"},"content":{"rendered":"","protected":false},"excerpt":{"rendered":"<p>Vendu uniquement sur l\u2019Indoshop en 2011, au prix de 35 \u20ac.<\/p>\n<p>Le bracelet est accompagn\u00e9 d\u2019une carte num\u00e9rot\u00e9e ainsi qu\u2019une pochette en lin naturel.<\/p>\n<p>La premi\u00e8re mise en vente \u00e9tait livr\u00e9e avec des pochettes carr\u00e9es. La deuxi\u00e8me mise en vente contenait des pochettes rondes. Les deux mises en vente ont \u00e9t\u00e9 livr\u00e9es avec des \u00e9tiquettes autocollantes.<\/p>\n","protected":false},"featured_media":2057,"template":"","meta":[],"product_cat":[33],"product_tag":[107,203],"_links":{"self":[{"href":"https:\/\/indomerch.fr\/index.php\/wp-json\/wp\/v2\/product\/2073"}],"collection":[{"href":"https:\/\/indomerch.fr\/index.php\/wp-json\/wp\/v2\/product"}],"about":[{"href":"https:\/\/indomerch.fr\/index.php\/wp-json\/wp\/v2\/types\/product"}],"version-history":[{"count":1,"href":"https:\/\/indomerch.fr\/index.php\/wp-json\/wp\/v2\/product\/2073\/revisions"}],"predecessor-version":[{"id":2074,"href":"https:\/\/indomerch.fr\/index.php\/wp-json\/wp\/v2\/product\/2073\/revisions\/2074"}],"wp:featuredmedia":[{"embeddable":true,"href":"https:\/\/indomerch.fr\/index.php\/wp-json\/wp\/v2\/media\/2057"}],"wp:attachment":[{"href":"https:\/\/indomerch.fr\/index.php\/wp-json\/wp\/v2\/media?parent=2073"}],"wp:term":[{"taxonomy":"product_cat","embeddable":true,"href":"https:\/\/indomerch.fr\/index.php\/wp-json\/wp\/v2\/product_cat?post=2073"},{"taxonomy":"product_tag","embeddable":true,"href":"https:\/\/indomerch.fr\/index.php\/wp-json\/wp\/v2\/product_tag?post=2073"}],"curies":[{"name":"wp","href":"https:\/\/api.w.org\/{rel}","templated":true}]}}