{"id":2107,"date":"2023-10-07T14:11:39","date_gmt":"2023-10-07T12:11:39","guid":{"rendered":"http:\/\/indomerch.fr\/?post_type=product&#038;p=2107"},"modified":"2023-10-07T14:11:40","modified_gmt":"2023-10-07T12:11:40","slug":"t-shirt-festival-tour-2023-rouge-2eme-version","status":"publish","type":"product","link":"https:\/\/indomerch.fr\/index.php\/produit\/t-shirt-festival-tour-2023-rouge-2eme-version\/","title":{"rendered":"T-shirt \u00ab Festival Tour 2023 \u00bb (rouge \u2013 2\u00e8me version)"},"content":{"rendered":"","protected":false},"excerpt":{"rendered":"<p>Vendu durant la deuxi\u00e8me partie de la tourn\u00e9e du \u00ab Festival Tour 2023 \u00bb, au prix de 30 \u20ac.<\/p>\n","protected":false},"featured_media":2100,"template":"","meta":[],"product_cat":[125],"product_tag":[255,45],"_links":{"self":[{"href":"https:\/\/indomerch.fr\/index.php\/wp-json\/wp\/v2\/product\/2107"}],"collection":[{"href":"https:\/\/indomerch.fr\/index.php\/wp-json\/wp\/v2\/product"}],"about":[{"href":"https:\/\/indomerch.fr\/index.php\/wp-json\/wp\/v2\/types\/product"}],"version-history":[{"count":1,"href":"https:\/\/indomerch.fr\/index.php\/wp-json\/wp\/v2\/product\/2107\/revisions"}],"predecessor-version":[{"id":2108,"href":"https:\/\/indomerch.fr\/index.php\/wp-json\/wp\/v2\/product\/2107\/revisions\/2108"}],"wp:featuredmedia":[{"embeddable":true,"href":"https:\/\/indomerch.fr\/index.php\/wp-json\/wp\/v2\/media\/2100"}],"wp:attachment":[{"href":"https:\/\/indomerch.fr\/index.php\/wp-json\/wp\/v2\/media?parent=2107"}],"wp:term":[{"taxonomy":"product_cat","embeddable":true,"href":"https:\/\/indomerch.fr\/index.php\/wp-json\/wp\/v2\/product_cat?post=2107"},{"taxonomy":"product_tag","embeddable":true,"href":"https:\/\/indomerch.fr\/index.php\/wp-json\/wp\/v2\/product_tag?post=2107"}],"curies":[{"name":"wp","href":"https:\/\/api.w.org\/{rel}","templated":true}]}}