{"id":2144,"date":"2023-10-15T11:14:22","date_gmt":"2023-10-15T09:14:22","guid":{"rendered":"http:\/\/indomerch.fr\/?post_type=product&#038;p=2144"},"modified":"2023-10-15T11:14:23","modified_gmt":"2023-10-15T09:14:23","slug":"sac-a-dos-indochine-2","status":"publish","type":"product","link":"https:\/\/indomerch.fr\/index.php\/produit\/sac-a-dos-indochine-2\/","title":{"rendered":"Sac \u00e0 dos \u00ab\u00a0Indochine\u00a0\u00bb"},"content":{"rendered":"","protected":false},"excerpt":{"rendered":"<p>Sac \u00e0 dos vendu entre 1987 et 1988, en plusieurs coloris : noir avec lani\u00e8res rouges (comme sur la photo) mais aussi gris avec lani\u00e8res jaunes.<\/p>\n<p>Une s\u00e9rie de sacs \u00e0 dos a \u00e9t\u00e9 vendue via le magazine \u00ab P\u00e9ril jeune \u00bb (Num\u00e9ro 10) en 1988 au prix de 50 Francs (environ 13,50 \u20ac).<\/p>\n","protected":false},"featured_media":2138,"template":"","meta":[],"product_cat":[24],"product_tag":[161,204],"_links":{"self":[{"href":"https:\/\/indomerch.fr\/index.php\/wp-json\/wp\/v2\/product\/2144"}],"collection":[{"href":"https:\/\/indomerch.fr\/index.php\/wp-json\/wp\/v2\/product"}],"about":[{"href":"https:\/\/indomerch.fr\/index.php\/wp-json\/wp\/v2\/types\/product"}],"version-history":[{"count":1,"href":"https:\/\/indomerch.fr\/index.php\/wp-json\/wp\/v2\/product\/2144\/revisions"}],"predecessor-version":[{"id":2145,"href":"https:\/\/indomerch.fr\/index.php\/wp-json\/wp\/v2\/product\/2144\/revisions\/2145"}],"wp:featuredmedia":[{"embeddable":true,"href":"https:\/\/indomerch.fr\/index.php\/wp-json\/wp\/v2\/media\/2138"}],"wp:attachment":[{"href":"https:\/\/indomerch.fr\/index.php\/wp-json\/wp\/v2\/media?parent=2144"}],"wp:term":[{"taxonomy":"product_cat","embeddable":true,"href":"https:\/\/indomerch.fr\/index.php\/wp-json\/wp\/v2\/product_cat?post=2144"},{"taxonomy":"product_tag","embeddable":true,"href":"https:\/\/indomerch.fr\/index.php\/wp-json\/wp\/v2\/product_tag?post=2144"}],"curies":[{"name":"wp","href":"https:\/\/api.w.org\/{rel}","templated":true}]}}