{"id":2165,"date":"2023-10-21T15:48:07","date_gmt":"2023-10-21T13:48:07","guid":{"rendered":"http:\/\/indomerch.fr\/?post_type=product&#038;p=2165"},"modified":"2023-10-21T15:48:07","modified_gmt":"2023-10-21T13:48:07","slug":"debardeur-13-tour-festival","status":"publish","type":"product","link":"https:\/\/indomerch.fr\/index.php\/produit\/debardeur-13-tour-festival\/","title":{"rendered":"D\u00e9bardeur \u00ab 13 Tour \u2013 Festival \u00bb"},"content":{"rendered":"","protected":false},"excerpt":{"rendered":"<p><span class=\"\">Vendu durant les festivals de l\u2019\u00e9t\u00e9 2018 entre le 23 juin 2018 et le 27 juillet 2018, puis sur quelques dates \u00e0 la fin de l\u2019ann\u00e9e 2018, au prix de 25 \u20ac.<\/span><\/p>\n","protected":false},"featured_media":2151,"template":"","meta":[],"product_cat":[124],"product_tag":[49,65,140],"_links":{"self":[{"href":"https:\/\/indomerch.fr\/index.php\/wp-json\/wp\/v2\/product\/2165"}],"collection":[{"href":"https:\/\/indomerch.fr\/index.php\/wp-json\/wp\/v2\/product"}],"about":[{"href":"https:\/\/indomerch.fr\/index.php\/wp-json\/wp\/v2\/types\/product"}],"version-history":[{"count":1,"href":"https:\/\/indomerch.fr\/index.php\/wp-json\/wp\/v2\/product\/2165\/revisions"}],"predecessor-version":[{"id":2166,"href":"https:\/\/indomerch.fr\/index.php\/wp-json\/wp\/v2\/product\/2165\/revisions\/2166"}],"wp:featuredmedia":[{"embeddable":true,"href":"https:\/\/indomerch.fr\/index.php\/wp-json\/wp\/v2\/media\/2151"}],"wp:attachment":[{"href":"https:\/\/indomerch.fr\/index.php\/wp-json\/wp\/v2\/media?parent=2165"}],"wp:term":[{"taxonomy":"product_cat","embeddable":true,"href":"https:\/\/indomerch.fr\/index.php\/wp-json\/wp\/v2\/product_cat?post=2165"},{"taxonomy":"product_tag","embeddable":true,"href":"https:\/\/indomerch.fr\/index.php\/wp-json\/wp\/v2\/product_tag?post=2165"}],"curies":[{"name":"wp","href":"https:\/\/api.w.org\/{rel}","templated":true}]}}