{"id":2175,"date":"2023-12-10T14:57:22","date_gmt":"2023-12-10T13:57:22","guid":{"rendered":"http:\/\/indomerch.fr\/?post_type=product&#038;p=2175"},"modified":"2023-12-10T14:57:23","modified_gmt":"2023-12-10T13:57:23","slug":"t-shirt-central-tour-working-2","status":"publish","type":"product","link":"https:\/\/indomerch.fr\/index.php\/produit\/t-shirt-central-tour-working-2\/","title":{"rendered":"T-shirt \u00ab Central Tour \u00bb (Working)"},"content":{"rendered":"","protected":false},"excerpt":{"rendered":"<p>T-shirt \u00ab Central Tour \u00bb (Working), non commercialis\u00e9, utilis\u00e9 par les membres du staff durant la tourn\u00e9e du \u00ab Central Tour \u00bb en 2022.<\/p>\n","protected":false},"featured_media":2169,"template":"","meta":[],"product_cat":[141],"product_tag":[96,45,263],"_links":{"self":[{"href":"https:\/\/indomerch.fr\/index.php\/wp-json\/wp\/v2\/product\/2175"}],"collection":[{"href":"https:\/\/indomerch.fr\/index.php\/wp-json\/wp\/v2\/product"}],"about":[{"href":"https:\/\/indomerch.fr\/index.php\/wp-json\/wp\/v2\/types\/product"}],"version-history":[{"count":1,"href":"https:\/\/indomerch.fr\/index.php\/wp-json\/wp\/v2\/product\/2175\/revisions"}],"predecessor-version":[{"id":2176,"href":"https:\/\/indomerch.fr\/index.php\/wp-json\/wp\/v2\/product\/2175\/revisions\/2176"}],"wp:featuredmedia":[{"embeddable":true,"href":"https:\/\/indomerch.fr\/index.php\/wp-json\/wp\/v2\/media\/2169"}],"wp:attachment":[{"href":"https:\/\/indomerch.fr\/index.php\/wp-json\/wp\/v2\/media?parent=2175"}],"wp:term":[{"taxonomy":"product_cat","embeddable":true,"href":"https:\/\/indomerch.fr\/index.php\/wp-json\/wp\/v2\/product_cat?post=2175"},{"taxonomy":"product_tag","embeddable":true,"href":"https:\/\/indomerch.fr\/index.php\/wp-json\/wp\/v2\/product_tag?post=2175"}],"curies":[{"name":"wp","href":"https:\/\/api.w.org\/{rel}","templated":true}]}}