{"id":2195,"date":"2024-01-20T14:50:30","date_gmt":"2024-01-20T13:50:30","guid":{"rendered":"http:\/\/indomerch.fr\/?post_type=product&#038;p=2195"},"modified":"2024-01-20T14:50:31","modified_gmt":"2024-01-20T13:50:31","slug":"bracelet-festival-tour-2023","status":"publish","type":"product","link":"https:\/\/indomerch.fr\/index.php\/produit\/bracelet-festival-tour-2023\/","title":{"rendered":"Bracelet \u00ab Festival Tour 2023 \u00bb"},"content":{"rendered":"","protected":false},"excerpt":{"rendered":"<p>Bracelet distribu\u00e9 \u00e0 l&rsquo;occasion de la tourn\u00e9e \u00ab\u00a0Festival Tour 2023\u00a0\u00bb pour int\u00e9grer la fosse centrale.<\/p>\n<h1 class=\"product_title entry-title\"><\/h1>\n","protected":false},"featured_media":2186,"template":"","meta":[],"product_cat":[125],"product_tag":[107,255,267],"_links":{"self":[{"href":"https:\/\/indomerch.fr\/index.php\/wp-json\/wp\/v2\/product\/2195"}],"collection":[{"href":"https:\/\/indomerch.fr\/index.php\/wp-json\/wp\/v2\/product"}],"about":[{"href":"https:\/\/indomerch.fr\/index.php\/wp-json\/wp\/v2\/types\/product"}],"version-history":[{"count":1,"href":"https:\/\/indomerch.fr\/index.php\/wp-json\/wp\/v2\/product\/2195\/revisions"}],"predecessor-version":[{"id":2196,"href":"https:\/\/indomerch.fr\/index.php\/wp-json\/wp\/v2\/product\/2195\/revisions\/2196"}],"wp:featuredmedia":[{"embeddable":true,"href":"https:\/\/indomerch.fr\/index.php\/wp-json\/wp\/v2\/media\/2186"}],"wp:attachment":[{"href":"https:\/\/indomerch.fr\/index.php\/wp-json\/wp\/v2\/media?parent=2195"}],"wp:term":[{"taxonomy":"product_cat","embeddable":true,"href":"https:\/\/indomerch.fr\/index.php\/wp-json\/wp\/v2\/product_cat?post=2195"},{"taxonomy":"product_tag","embeddable":true,"href":"https:\/\/indomerch.fr\/index.php\/wp-json\/wp\/v2\/product_tag?post=2195"}],"curies":[{"name":"wp","href":"https:\/\/api.w.org\/{rel}","templated":true}]}}