{"id":222,"date":"2020-11-05T14:20:07","date_gmt":"2020-11-05T13:20:07","guid":{"rendered":"http:\/\/indomerch.fr\/?post_type=product&#038;p=222"},"modified":"2021-04-13T19:27:54","modified_gmt":"2021-04-13T17:27:54","slug":"t-shirt-peril-jaune-2010","status":"publish","type":"product","link":"https:\/\/indomerch.fr\/index.php\/produit\/t-shirt-peril-jaune-2010\/","title":{"rendered":"T-shirt \u00ab\u00a0P\u00e9ril Jaune\u00a0\u00bb (2010)"},"content":{"rendered":"","protected":false},"excerpt":{"rendered":"<p><span class=\"\">R\u00e9\u00e9dition du t-shirt \u00ab\u00a0P\u00e9ril Jaune\u00a0\u00bb vendu dans les ann\u00e9es 80. Il s&rsquo;agit du mod\u00e8le femme, imprim\u00e9 sur une base int\u00e9gralement verte (le mod\u00e8le homme est imprim\u00e9 sur fond blanc).<\/span><\/p>\n<p><span class=\"\">Il \u00e9tait vendu 25 \u20ac le 26 juin 2010 sur les stands du merchandising du \u00ab\u00a0Putain de Stade\u00a0\u00bb. Il a ensuite \u00e9t\u00e9 mis en ligne sur l&rsquo;IndoShop afin d&rsquo;\u00e9couler les derniers mod\u00e8les.<\/span><\/p>\n","protected":false},"featured_media":209,"template":"","meta":[],"product_cat":[33],"product_tag":[53,111,52,45],"_links":{"self":[{"href":"https:\/\/indomerch.fr\/index.php\/wp-json\/wp\/v2\/product\/222"}],"collection":[{"href":"https:\/\/indomerch.fr\/index.php\/wp-json\/wp\/v2\/product"}],"about":[{"href":"https:\/\/indomerch.fr\/index.php\/wp-json\/wp\/v2\/types\/product"}],"version-history":[{"count":1,"href":"https:\/\/indomerch.fr\/index.php\/wp-json\/wp\/v2\/product\/222\/revisions"}],"predecessor-version":[{"id":223,"href":"https:\/\/indomerch.fr\/index.php\/wp-json\/wp\/v2\/product\/222\/revisions\/223"}],"wp:featuredmedia":[{"embeddable":true,"href":"https:\/\/indomerch.fr\/index.php\/wp-json\/wp\/v2\/media\/209"}],"wp:attachment":[{"href":"https:\/\/indomerch.fr\/index.php\/wp-json\/wp\/v2\/media?parent=222"}],"wp:term":[{"taxonomy":"product_cat","embeddable":true,"href":"https:\/\/indomerch.fr\/index.php\/wp-json\/wp\/v2\/product_cat?post=222"},{"taxonomy":"product_tag","embeddable":true,"href":"https:\/\/indomerch.fr\/index.php\/wp-json\/wp\/v2\/product_tag?post=222"}],"curies":[{"name":"wp","href":"https:\/\/api.w.org\/{rel}","templated":true}]}}