{"id":2241,"date":"2024-01-27T12:21:52","date_gmt":"2024-01-27T11:21:52","guid":{"rendered":"http:\/\/indomerch.fr\/?post_type=product&#038;p=2241"},"modified":"2024-01-27T12:21:52","modified_gmt":"2024-01-27T11:21:52","slug":"veste-13-tour-love-army-staff","status":"publish","type":"product","link":"https:\/\/indomerch.fr\/index.php\/produit\/veste-13-tour-love-army-staff\/","title":{"rendered":"Veste \u00ab 13 Tour \u2013 Love Army \u00bb (Staff)"},"content":{"rendered":"","protected":false},"excerpt":{"rendered":"<p>Veste non commercialis\u00e9e, utilis\u00e9e par les \u00e9quipes de la tourn\u00e9e du \u00ab 13 Tour \u00bb entre 2018 et 2019.<\/p>\n","protected":false},"featured_media":2216,"template":"","meta":[],"product_cat":[124],"product_tag":[49,145,139],"_links":{"self":[{"href":"https:\/\/indomerch.fr\/index.php\/wp-json\/wp\/v2\/product\/2241"}],"collection":[{"href":"https:\/\/indomerch.fr\/index.php\/wp-json\/wp\/v2\/product"}],"about":[{"href":"https:\/\/indomerch.fr\/index.php\/wp-json\/wp\/v2\/types\/product"}],"version-history":[{"count":1,"href":"https:\/\/indomerch.fr\/index.php\/wp-json\/wp\/v2\/product\/2241\/revisions"}],"predecessor-version":[{"id":2242,"href":"https:\/\/indomerch.fr\/index.php\/wp-json\/wp\/v2\/product\/2241\/revisions\/2242"}],"wp:featuredmedia":[{"embeddable":true,"href":"https:\/\/indomerch.fr\/index.php\/wp-json\/wp\/v2\/media\/2216"}],"wp:attachment":[{"href":"https:\/\/indomerch.fr\/index.php\/wp-json\/wp\/v2\/media?parent=2241"}],"wp:term":[{"taxonomy":"product_cat","embeddable":true,"href":"https:\/\/indomerch.fr\/index.php\/wp-json\/wp\/v2\/product_cat?post=2241"},{"taxonomy":"product_tag","embeddable":true,"href":"https:\/\/indomerch.fr\/index.php\/wp-json\/wp\/v2\/product_tag?post=2241"}],"curies":[{"name":"wp","href":"https:\/\/api.w.org\/{rel}","templated":true}]}}