{"id":2298,"date":"2024-02-03T17:59:17","date_gmt":"2024-02-03T16:59:17","guid":{"rendered":"http:\/\/indomerch.fr\/?post_type=product&#038;p=2298"},"modified":"2024-02-03T17:59:18","modified_gmt":"2024-02-03T16:59:18","slug":"carnet-a-spirale-stylo-promo","status":"publish","type":"product","link":"https:\/\/indomerch.fr\/index.php\/produit\/carnet-a-spirale-stylo-promo\/","title":{"rendered":"Carnet \u00e0 spirale + Stylo (Promo)"},"content":{"rendered":"","protected":false},"excerpt":{"rendered":"<p>Distribu\u00e9 \u00e0 l&rsquo;occasion de l&rsquo;avant-premi\u00e8re de la projection du DVD \u00ab\u00a0Putain de Stade\u00a0\u00bb, le 10 janvier 2011 au cin\u00e9ma Gaumont Marignan des Champs-Elys\u00e9es en pr\u00e9sence du groupe.<\/p>\n<p>A noter la pr\u00e9sence de la s\u00e9rigraphie \u00ab\u00a0Indochine\u00a0\u00bb sur le crayon, ce qui n&rsquo;est pas le cas sur celui qui a \u00e9t\u00e9 vendu par le merchandising.<\/p>\n","protected":false},"featured_media":2268,"template":"","meta":[],"product_cat":[33],"product_tag":[235,161,130],"_links":{"self":[{"href":"https:\/\/indomerch.fr\/index.php\/wp-json\/wp\/v2\/product\/2298"}],"collection":[{"href":"https:\/\/indomerch.fr\/index.php\/wp-json\/wp\/v2\/product"}],"about":[{"href":"https:\/\/indomerch.fr\/index.php\/wp-json\/wp\/v2\/types\/product"}],"version-history":[{"count":1,"href":"https:\/\/indomerch.fr\/index.php\/wp-json\/wp\/v2\/product\/2298\/revisions"}],"predecessor-version":[{"id":2299,"href":"https:\/\/indomerch.fr\/index.php\/wp-json\/wp\/v2\/product\/2298\/revisions\/2299"}],"wp:featuredmedia":[{"embeddable":true,"href":"https:\/\/indomerch.fr\/index.php\/wp-json\/wp\/v2\/media\/2268"}],"wp:attachment":[{"href":"https:\/\/indomerch.fr\/index.php\/wp-json\/wp\/v2\/media?parent=2298"}],"wp:term":[{"taxonomy":"product_cat","embeddable":true,"href":"https:\/\/indomerch.fr\/index.php\/wp-json\/wp\/v2\/product_cat?post=2298"},{"taxonomy":"product_tag","embeddable":true,"href":"https:\/\/indomerch.fr\/index.php\/wp-json\/wp\/v2\/product_tag?post=2298"}],"curies":[{"name":"wp","href":"https:\/\/api.w.org\/{rel}","templated":true}]}}