{"id":2300,"date":"2024-02-03T18:02:39","date_gmt":"2024-02-03T17:02:39","guid":{"rendered":"http:\/\/indomerch.fr\/?post_type=product&#038;p=2300"},"modified":"2024-02-03T18:02:40","modified_gmt":"2024-02-03T17:02:40","slug":"tote-bag-putain-de-stade-promo","status":"publish","type":"product","link":"https:\/\/indomerch.fr\/index.php\/produit\/tote-bag-putain-de-stade-promo\/","title":{"rendered":"Tote bag \u00ab Putain de Stade \u00bb (Promo)"},"content":{"rendered":"","protected":false},"excerpt":{"rendered":"<div class=\"woocommerce-product-details__short-description\">\n<p>Distribu\u00e9 \u00e0 l\u2019occasion de l\u2019avant-premi\u00e8re de la projection du DVD \u00ab\u00a0Putain de Stade\u00a0\u00bb, le 10 janvier 2011 au cin\u00e9ma Gaumont Marignan des Champs-Elys\u00e9es en pr\u00e9sence du groupe.<\/p>\n<p>&nbsp;<\/p>\n<\/div>\n","protected":false},"featured_media":2269,"template":"","meta":[],"product_cat":[33],"product_tag":[53,104],"_links":{"self":[{"href":"https:\/\/indomerch.fr\/index.php\/wp-json\/wp\/v2\/product\/2300"}],"collection":[{"href":"https:\/\/indomerch.fr\/index.php\/wp-json\/wp\/v2\/product"}],"about":[{"href":"https:\/\/indomerch.fr\/index.php\/wp-json\/wp\/v2\/types\/product"}],"version-history":[{"count":1,"href":"https:\/\/indomerch.fr\/index.php\/wp-json\/wp\/v2\/product\/2300\/revisions"}],"predecessor-version":[{"id":2301,"href":"https:\/\/indomerch.fr\/index.php\/wp-json\/wp\/v2\/product\/2300\/revisions\/2301"}],"wp:featuredmedia":[{"embeddable":true,"href":"https:\/\/indomerch.fr\/index.php\/wp-json\/wp\/v2\/media\/2269"}],"wp:attachment":[{"href":"https:\/\/indomerch.fr\/index.php\/wp-json\/wp\/v2\/media?parent=2300"}],"wp:term":[{"taxonomy":"product_cat","embeddable":true,"href":"https:\/\/indomerch.fr\/index.php\/wp-json\/wp\/v2\/product_cat?post=2300"},{"taxonomy":"product_tag","embeddable":true,"href":"https:\/\/indomerch.fr\/index.php\/wp-json\/wp\/v2\/product_tag?post=2300"}],"curies":[{"name":"wp","href":"https:\/\/api.w.org\/{rel}","templated":true}]}}